{"id":238,"date":"2024-10-02T13:55:56","date_gmt":"2024-10-02T13:55:56","guid":{"rendered":"https:\/\/topesqui.es\/?page_id=238"},"modified":"2024-10-09T10:55:03","modified_gmt":"2024-10-09T10:55:03","slug":"actividades","status":"publish","type":"page","link":"https:\/\/topesqui.es\/?page_id=238","title":{"rendered":"Actividades"},"content":{"rendered":"\n<p class=\"has-text-align-center\">\u00a1Bienvenidos a <strong>Top Esqu\u00ed<\/strong>, donde no solo te ofrecemos las <strong>mejores clases<\/strong> de esqu\u00ed y snowboard de Sierra Nevada, si no que tambi\u00e9n te ofrecemos <strong>todas las actividades<\/strong> para completar tu viaje a la nieve y hacer de ello una <strong>experiencia inolvidable<\/strong>!<\/p>\n\n\n\n<div id=\"wp-block-themeisle-blocks-advanced-columns-6e65acfb\" class=\"wp-block-themeisle-blocks-advanced-columns alignfull has-3-columns has-desktop-equal-layout has-tablet-equal-layout has-mobile-collapsedRows-layout has-vertical-top ticss-c00aadba\"><div class=\"wp-block-themeisle-blocks-advanced-columns-overlay\"><\/div><div class=\"innerblocks-wrap\">\n<div id=\"wp-block-themeisle-blocks-advanced-column-f4333eeb\" class=\"wp-block-themeisle-blocks-advanced-column\">\n<p id=\"wp-block-themeisle-blocks-advanced-heading-91baffe5\" class=\"wp-block-themeisle-blocks-advanced-heading wp-block-themeisle-blocks-advanced-heading-91baffe5\"><strong>Disfruta al m\u00e1ximo <\/strong><\/p>\n\n\n\n<h4 id=\"wp-block-themeisle-blocks-advanced-heading-360f5b02\" class=\"wp-block-themeisle-blocks-advanced-heading wp-block-themeisle-blocks-advanced-heading-360f5b02\"><span class=\"highlight\">Vive la experiencia de Sierra Nevada al 100%<\/span><\/h4>\n\n\n\n<p class=\"has-small-font-size\">Disfruta de la nieve en todos sus sentidos con actividades especiales para familias como trineos, pista de hielo e incluso una monta\u00f1a rusa!<\/p>\n\n\n\n<div class=\"wp-block-buttons is-content-justification-center is-layout-flex wp-container-core-buttons-is-layout-1 wp-block-buttons-is-layout-flex\">\n<div class=\"wp-block-button has-custom-width wp-block-button__width-75 is-style-primary is-style-outline is-style-outline--1\"><a class=\"wp-block-button__link has-white-background-color has-background wp-element-button\" href=\"https:\/\/topesqui.es\/?page_id=328\">Informate<\/a><\/div>\n<\/div>\n<\/div>\n\n\n\n<div id=\"wp-block-themeisle-blocks-advanced-column-78ae8ec1\" class=\"wp-block-themeisle-blocks-advanced-column\">\n<figure class=\"wp-block-image size-full\"><img loading=\"lazy\" decoding=\"async\" width=\"510\" height=\"510\" src=\"http:\/\/topesqui.es\/wp-content\/uploads\/2024\/10\/2023-01-25.jpg\" alt=\"\" class=\"wp-image-239\" srcset=\"https:\/\/topesqui.es\/wp-content\/uploads\/2024\/10\/2023-01-25.jpg 510w, https:\/\/topesqui.es\/wp-content\/uploads\/2024\/10\/2023-01-25-300x300.jpg 300w, https:\/\/topesqui.es\/wp-content\/uploads\/2024\/10\/2023-01-25-100x100.jpg 100w, https:\/\/topesqui.es\/wp-content\/uploads\/2024\/10\/2023-01-25-150x150.jpg 150w\" sizes=\"(max-width: 510px) 100vw, 510px\" \/><\/figure>\n<\/div>\n\n\n\n<div id=\"wp-block-themeisle-blocks-advanced-column-81e97556\" class=\"wp-block-themeisle-blocks-advanced-column\">\n<figure class=\"wp-block-image size-full is-style-default\"><img loading=\"lazy\" decoding=\"async\" width=\"683\" height=\"683\" src=\"https:\/\/topesqui.es\/wp-content\/uploads\/2024\/10\/Trienos-en-Sierra-Nevada-con-Top-Esqui-edited.jpg\" alt=\"\" class=\"wp-image-241\" srcset=\"https:\/\/topesqui.es\/wp-content\/uploads\/2024\/10\/Trienos-en-Sierra-Nevada-con-Top-Esqui-edited.jpg 683w, https:\/\/topesqui.es\/wp-content\/uploads\/2024\/10\/Trienos-en-Sierra-Nevada-con-Top-Esqui-edited-300x300.jpg 300w, https:\/\/topesqui.es\/wp-content\/uploads\/2024\/10\/Trienos-en-Sierra-Nevada-con-Top-Esqui-edited-100x100.jpg 100w, https:\/\/topesqui.es\/wp-content\/uploads\/2024\/10\/Trienos-en-Sierra-Nevada-con-Top-Esqui-edited-600x600.jpg 600w, https:\/\/topesqui.es\/wp-content\/uploads\/2024\/10\/Trienos-en-Sierra-Nevada-con-Top-Esqui-edited-150x150.jpg 150w\" sizes=\"(max-width: 683px) 100vw, 683px\" \/><\/figure>\n<\/div>\n<\/div><\/div>\n\n\n\n<div id=\"wp-block-themeisle-blocks-advanced-columns-266651f5\" class=\"wp-block-themeisle-blocks-advanced-columns alignfull has-3-columns has-desktop-equal-layout has-tablet-equal-layout has-mobile-collapsedRows-layout has-vertical-top ticss-c00aadba\"><div class=\"wp-block-themeisle-blocks-advanced-columns-overlay\"><\/div><div class=\"innerblocks-wrap\">\n<div id=\"wp-block-themeisle-blocks-advanced-column-a0b3509f\" class=\"wp-block-themeisle-blocks-advanced-column\">\n<figure class=\"wp-block-image size-full\"><img loading=\"lazy\" decoding=\"async\" width=\"2560\" height=\"1950\" src=\"http:\/\/topesqui.es\/wp-content\/uploads\/2024\/10\/pexels-photo-10044794-10044794-scaled.jpg\" alt=\"Velada Astron\u00f3mica en Sierra Nevada con Top Esqui\" class=\"wp-image-326\" srcset=\"https:\/\/topesqui.es\/wp-content\/uploads\/2024\/10\/pexels-photo-10044794-10044794-scaled.jpg 2560w, https:\/\/topesqui.es\/wp-content\/uploads\/2024\/10\/pexels-photo-10044794-10044794-scaled-600x457.jpg 600w, https:\/\/topesqui.es\/wp-content\/uploads\/2024\/10\/pexels-photo-10044794-10044794-300x229.jpg 300w, https:\/\/topesqui.es\/wp-content\/uploads\/2024\/10\/pexels-photo-10044794-10044794-1024x780.jpg 1024w, https:\/\/topesqui.es\/wp-content\/uploads\/2024\/10\/pexels-photo-10044794-10044794-768x585.jpg 768w, https:\/\/topesqui.es\/wp-content\/uploads\/2024\/10\/pexels-photo-10044794-10044794-1536x1170.jpg 1536w, https:\/\/topesqui.es\/wp-content\/uploads\/2024\/10\/pexels-photo-10044794-10044794-2048x1560.jpg 2048w\" sizes=\"(max-width: 2560px) 100vw, 2560px\" \/><\/figure>\n<\/div>\n\n\n\n<div id=\"wp-block-themeisle-blocks-advanced-column-95e6192f\" class=\"wp-block-themeisle-blocks-advanced-column\">\n<figure class=\"wp-block-image size-full is-resized is-style-default\"><img loading=\"lazy\" decoding=\"async\" width=\"183\" height=\"183\" src=\"https:\/\/topesqui.es\/wp-content\/uploads\/2024\/10\/Experiencias-en-la-nieve-con-Top-Esqui-en-Sierra-Nevada-edited.jpeg\" alt=\"\" class=\"wp-image-325\" style=\"width:195px;height:auto\" srcset=\"https:\/\/topesqui.es\/wp-content\/uploads\/2024\/10\/Experiencias-en-la-nieve-con-Top-Esqui-en-Sierra-Nevada-edited.jpeg 183w, https:\/\/topesqui.es\/wp-content\/uploads\/2024\/10\/Experiencias-en-la-nieve-con-Top-Esqui-en-Sierra-Nevada-edited-100x100.jpeg 100w, https:\/\/topesqui.es\/wp-content\/uploads\/2024\/10\/Experiencias-en-la-nieve-con-Top-Esqui-en-Sierra-Nevada-edited-150x150.jpeg 150w\" sizes=\"(max-width: 183px) 100vw, 183px\" \/><\/figure>\n<\/div>\n\n\n\n<div id=\"wp-block-themeisle-blocks-advanced-column-b522a7dc\" class=\"wp-block-themeisle-blocks-advanced-column\">\n<p id=\"wp-block-themeisle-blocks-advanced-heading-725f420e\" class=\"wp-block-themeisle-blocks-advanced-heading wp-block-themeisle-blocks-advanced-heading-725f420e\"><strong>Veladas m\u00e1gicas<\/strong><\/p>\n\n\n\n<h4 id=\"wp-block-themeisle-blocks-advanced-heading-e0a9185a\" class=\"wp-block-themeisle-blocks-advanced-heading wp-block-themeisle-blocks-advanced-heading-e0a9185a\"><span class=\"highlight\">Descubre la magia que esconde Sierra Nevada<\/span><\/h4>\n\n\n\n<p class=\"has-small-font-size\">Disfruta de una experiencia \u00fanica , durante el encanto de una noche estrellada en la nieve.<\/p>\n\n\n\n<p class=\"has-small-font-size\"> Crea recuerdos \u00fanicos con nuestras actividades.<\/p>\n\n\n\n<div class=\"wp-block-buttons is-content-justification-center is-layout-flex wp-container-core-buttons-is-layout-2 wp-block-buttons-is-layout-flex\">\n<div class=\"wp-block-button has-custom-width wp-block-button__width-75 is-style-primary is-style-outline is-style-outline--2\"><a class=\"wp-block-button__link has-white-background-color has-background wp-element-button\" href=\"https:\/\/topesqui.es\/?page_id=328\">Informate<\/a><\/div>\n<\/div>\n<\/div>\n<\/div><\/div>\n\n\n\n<div id=\"wp-block-themeisle-blocks-advanced-columns-fe6a81df\" class=\"wp-block-themeisle-blocks-advanced-columns alignfull has-3-columns has-desktop-equal-layout has-tablet-equal-layout has-mobile-collapsedRows-layout has-vertical-top ticss-c00aadba\"><div class=\"wp-block-themeisle-blocks-advanced-columns-overlay\"><\/div><div class=\"innerblocks-wrap\">\n<div id=\"wp-block-themeisle-blocks-advanced-column-3d30f7f1\" class=\"wp-block-themeisle-blocks-advanced-column\">\n<p id=\"wp-block-themeisle-blocks-advanced-heading-d5d7f1d2\" class=\"wp-block-themeisle-blocks-advanced-heading wp-block-themeisle-blocks-advanced-heading-d5d7f1d2\"><strong>Excursiones escolares<\/strong><\/p>\n\n\n\n<h4 id=\"wp-block-themeisle-blocks-advanced-heading-f25889ab\" class=\"wp-block-themeisle-blocks-advanced-heading wp-block-themeisle-blocks-advanced-heading-f25889ab\"><span class=\"highlight\">Disfruta al m\u00e1ximo de tus excursiones escolares<\/span><\/h4>\n\n\n\n<p class=\"has-small-font-size\">Con nuestra agencia <a href=\"https:\/\/rocriviajes.es\/\">Rocriviajes<\/a> organizamos experiencias escolares, desde programas b\u00e1sicos de un d\u00eda hasta viajes completos de hasta 5 d\u00edas<\/p>\n\n\n\n<p class=\"has-small-font-size\"> Crea recuerdos \u00fanicos con nuestras actividades.<\/p>\n\n\n\n<div class=\"wp-block-buttons is-content-justification-center is-layout-flex wp-container-core-buttons-is-layout-3 wp-block-buttons-is-layout-flex\">\n<div class=\"wp-block-button has-custom-width wp-block-button__width-75 is-style-primary is-style-outline is-style-outline--3\"><a class=\"wp-block-button__link has-white-background-color has-background wp-element-button\" href=\"https:\/\/rocriviajes.es\">Informate<\/a><\/div>\n<\/div>\n<\/div>\n\n\n\n<div id=\"wp-block-themeisle-blocks-advanced-column-1d8dfdf6\" class=\"wp-block-themeisle-blocks-advanced-column\">\n<figure class=\"wp-block-image size-full\"><img loading=\"lazy\" decoding=\"async\" width=\"2560\" height=\"1950\" src=\"http:\/\/topesqui.es\/wp-content\/uploads\/2024\/10\/pexels-photo-10044794-10044794-scaled.jpg\" alt=\"Velada Astron\u00f3mica en Sierra Nevada con Top Esqui\" class=\"wp-image-326\" srcset=\"https:\/\/topesqui.es\/wp-content\/uploads\/2024\/10\/pexels-photo-10044794-10044794-scaled.jpg 2560w, https:\/\/topesqui.es\/wp-content\/uploads\/2024\/10\/pexels-photo-10044794-10044794-scaled-600x457.jpg 600w, https:\/\/topesqui.es\/wp-content\/uploads\/2024\/10\/pexels-photo-10044794-10044794-300x229.jpg 300w, https:\/\/topesqui.es\/wp-content\/uploads\/2024\/10\/pexels-photo-10044794-10044794-1024x780.jpg 1024w, https:\/\/topesqui.es\/wp-content\/uploads\/2024\/10\/pexels-photo-10044794-10044794-768x585.jpg 768w, https:\/\/topesqui.es\/wp-content\/uploads\/2024\/10\/pexels-photo-10044794-10044794-1536x1170.jpg 1536w, https:\/\/topesqui.es\/wp-content\/uploads\/2024\/10\/pexels-photo-10044794-10044794-2048x1560.jpg 2048w\" sizes=\"(max-width: 2560px) 100vw, 2560px\" \/><\/figure>\n<\/div>\n\n\n\n<div id=\"wp-block-themeisle-blocks-advanced-column-2fb9fe83\" class=\"wp-block-themeisle-blocks-advanced-column\">\n<figure class=\"wp-block-image size-full is-resized is-style-default\"><img loading=\"lazy\" decoding=\"async\" width=\"183\" height=\"183\" src=\"https:\/\/topesqui.es\/wp-content\/uploads\/2024\/10\/Experiencias-en-la-nieve-con-Top-Esqui-en-Sierra-Nevada-edited.jpeg\" alt=\"\" class=\"wp-image-325\" style=\"width:195px;height:auto\" srcset=\"https:\/\/topesqui.es\/wp-content\/uploads\/2024\/10\/Experiencias-en-la-nieve-con-Top-Esqui-en-Sierra-Nevada-edited.jpeg 183w, https:\/\/topesqui.es\/wp-content\/uploads\/2024\/10\/Experiencias-en-la-nieve-con-Top-Esqui-en-Sierra-Nevada-edited-100x100.jpeg 100w, https:\/\/topesqui.es\/wp-content\/uploads\/2024\/10\/Experiencias-en-la-nieve-con-Top-Esqui-en-Sierra-Nevada-edited-150x150.jpeg 150w\" sizes=\"(max-width: 183px) 100vw, 183px\" \/><\/figure>\n<\/div>\n<\/div><\/div>\n\n\n\n<p><\/p>\n","protected":false},"excerpt":{"rendered":"<p>\u00a1Bienvenidos a Top Esqu\u00ed, donde no solo te ofrecemos las mejores clases de esqu\u00ed y snowboard de Sierra Nevada, si no que tambi\u00e9n te ofrecemos todas las actividades para completar tu viaje a la nieve y hacer de ello una experiencia inolvidable!<\/p>\n","protected":false},"author":1,"featured_media":0,"parent":0,"menu_order":0,"comment_status":"closed","ping_status":"closed","template":"","meta":{"_uag_custom_page_level_css":"","footnotes":""},"class_list":["post-238","page","type-page","status-publish","hentry"],"yoast_head":"<!-- This site is optimized with the Yoast SEO plugin v24.5 - https:\/\/yoast.com\/wordpress\/plugins\/seo\/ -->\n<title>Actividades - TopEsqui<\/title>\n<meta name=\"robots\" content=\"index, follow, max-snippet:-1, max-image-preview:large, max-video-preview:-1\" \/>\n<link rel=\"canonical\" href=\"https:\/\/topesqui.es\/?page_id=238\" \/>\n<meta property=\"og:locale\" content=\"es_ES\" \/>\n<meta property=\"og:type\" content=\"article\" \/>\n<meta property=\"og:title\" content=\"Actividades - TopEsqui\" \/>\n<meta property=\"og:description\" content=\"\u00a1Bienvenidos a Top Esqu\u00ed, donde no solo te ofrecemos las mejores clases de esqu\u00ed y snowboard de Sierra Nevada, si no que tambi\u00e9n te ofrecemos todas las actividades para completar tu viaje a la nieve y hacer de ello una experiencia inolvidable!\" \/>\n<meta property=\"og:url\" content=\"https:\/\/topesqui.es\/?page_id=238\" \/>\n<meta property=\"og:site_name\" content=\"TopEsqui\" \/>\n<meta property=\"article:modified_time\" content=\"2024-10-09T10:55:03+00:00\" \/>\n<meta property=\"og:image\" content=\"http:\/\/topesqui.es\/wp-content\/uploads\/2024\/10\/2023-01-25.jpg\" \/>\n<meta name=\"twitter:card\" content=\"summary_large_image\" \/>\n<meta name=\"twitter:label1\" content=\"Tiempo de lectura\" \/>\n\t<meta name=\"twitter:data1\" content=\"2 minutos\" \/>\n<script type=\"application\/ld+json\" class=\"yoast-schema-graph\">{\"@context\":\"https:\/\/schema.org\",\"@graph\":[{\"@type\":\"WebPage\",\"@id\":\"https:\/\/topesqui.es\/?page_id=238\",\"url\":\"https:\/\/topesqui.es\/?page_id=238\",\"name\":\"Actividades - TopEsqui\",\"isPartOf\":{\"@id\":\"https:\/\/topesqui.es\/#website\"},\"primaryImageOfPage\":{\"@id\":\"https:\/\/topesqui.es\/?page_id=238#primaryimage\"},\"image\":{\"@id\":\"https:\/\/topesqui.es\/?page_id=238#primaryimage\"},\"thumbnailUrl\":\"http:\/\/topesqui.es\/wp-content\/uploads\/2024\/10\/2023-01-25.jpg\",\"datePublished\":\"2024-10-02T13:55:56+00:00\",\"dateModified\":\"2024-10-09T10:55:03+00:00\",\"breadcrumb\":{\"@id\":\"https:\/\/topesqui.es\/?page_id=238#breadcrumb\"},\"inLanguage\":\"es\",\"potentialAction\":[{\"@type\":\"ReadAction\",\"target\":[\"https:\/\/topesqui.es\/?page_id=238\"]}]},{\"@type\":\"ImageObject\",\"inLanguage\":\"es\",\"@id\":\"https:\/\/topesqui.es\/?page_id=238#primaryimage\",\"url\":\"https:\/\/topesqui.es\/wp-content\/uploads\/2024\/10\/2023-01-25.jpg\",\"contentUrl\":\"https:\/\/topesqui.es\/wp-content\/uploads\/2024\/10\/2023-01-25.jpg\",\"width\":510,\"height\":510,\"caption\":\"Clase privada en Sierra Nevada\"},{\"@type\":\"BreadcrumbList\",\"@id\":\"https:\/\/topesqui.es\/?page_id=238#breadcrumb\",\"itemListElement\":[{\"@type\":\"ListItem\",\"position\":1,\"name\":\"Home\",\"item\":\"https:\/\/topesqui.es\/\"},{\"@type\":\"ListItem\",\"position\":2,\"name\":\"Actividades\"}]},{\"@type\":\"WebSite\",\"@id\":\"https:\/\/topesqui.es\/#website\",\"url\":\"https:\/\/topesqui.es\/\",\"name\":\"TopEsqui\",\"description\":\"Clases de esqu\u00ed y snowboard en Sierra Nevada\",\"publisher\":{\"@id\":\"https:\/\/topesqui.es\/#organization\"},\"potentialAction\":[{\"@type\":\"SearchAction\",\"target\":{\"@type\":\"EntryPoint\",\"urlTemplate\":\"https:\/\/topesqui.es\/?s={search_term_string}\"},\"query-input\":{\"@type\":\"PropertyValueSpecification\",\"valueRequired\":true,\"valueName\":\"search_term_string\"}}],\"inLanguage\":\"es\"},{\"@type\":\"Organization\",\"@id\":\"https:\/\/topesqui.es\/#organization\",\"name\":\"TopEsqui\",\"url\":\"https:\/\/topesqui.es\/\",\"logo\":{\"@type\":\"ImageObject\",\"inLanguage\":\"es\",\"@id\":\"https:\/\/topesqui.es\/#\/schema\/logo\/image\/\",\"url\":\"https:\/\/topesqui.es\/wp-content\/uploads\/2024\/09\/cropped-cropped-Logo-TopEsqui.png\",\"contentUrl\":\"https:\/\/topesqui.es\/wp-content\/uploads\/2024\/09\/cropped-cropped-Logo-TopEsqui.png\",\"width\":500,\"height\":238,\"caption\":\"TopEsqui\"},\"image\":{\"@id\":\"https:\/\/topesqui.es\/#\/schema\/logo\/image\/\"}}]}<\/script>\n<!-- \/ Yoast SEO plugin. -->","yoast_head_json":{"title":"Actividades - TopEsqui","robots":{"index":"index","follow":"follow","max-snippet":"max-snippet:-1","max-image-preview":"max-image-preview:large","max-video-preview":"max-video-preview:-1"},"canonical":"https:\/\/topesqui.es\/?page_id=238","og_locale":"es_ES","og_type":"article","og_title":"Actividades - TopEsqui","og_description":"\u00a1Bienvenidos a Top Esqu\u00ed, donde no solo te ofrecemos las mejores clases de esqu\u00ed y snowboard de Sierra Nevada, si no que tambi\u00e9n te ofrecemos todas las actividades para completar tu viaje a la nieve y hacer de ello una experiencia inolvidable!","og_url":"https:\/\/topesqui.es\/?page_id=238","og_site_name":"TopEsqui","article_modified_time":"2024-10-09T10:55:03+00:00","og_image":[{"url":"http:\/\/topesqui.es\/wp-content\/uploads\/2024\/10\/2023-01-25.jpg","type":"","width":"","height":""}],"twitter_card":"summary_large_image","twitter_misc":{"Tiempo de lectura":"2 minutos"},"schema":{"@context":"https:\/\/schema.org","@graph":[{"@type":"WebPage","@id":"https:\/\/topesqui.es\/?page_id=238","url":"https:\/\/topesqui.es\/?page_id=238","name":"Actividades - TopEsqui","isPartOf":{"@id":"https:\/\/topesqui.es\/#website"},"primaryImageOfPage":{"@id":"https:\/\/topesqui.es\/?page_id=238#primaryimage"},"image":{"@id":"https:\/\/topesqui.es\/?page_id=238#primaryimage"},"thumbnailUrl":"http:\/\/topesqui.es\/wp-content\/uploads\/2024\/10\/2023-01-25.jpg","datePublished":"2024-10-02T13:55:56+00:00","dateModified":"2024-10-09T10:55:03+00:00","breadcrumb":{"@id":"https:\/\/topesqui.es\/?page_id=238#breadcrumb"},"inLanguage":"es","potentialAction":[{"@type":"ReadAction","target":["https:\/\/topesqui.es\/?page_id=238"]}]},{"@type":"ImageObject","inLanguage":"es","@id":"https:\/\/topesqui.es\/?page_id=238#primaryimage","url":"https:\/\/topesqui.es\/wp-content\/uploads\/2024\/10\/2023-01-25.jpg","contentUrl":"https:\/\/topesqui.es\/wp-content\/uploads\/2024\/10\/2023-01-25.jpg","width":510,"height":510,"caption":"Clase privada en Sierra Nevada"},{"@type":"BreadcrumbList","@id":"https:\/\/topesqui.es\/?page_id=238#breadcrumb","itemListElement":[{"@type":"ListItem","position":1,"name":"Home","item":"https:\/\/topesqui.es\/"},{"@type":"ListItem","position":2,"name":"Actividades"}]},{"@type":"WebSite","@id":"https:\/\/topesqui.es\/#website","url":"https:\/\/topesqui.es\/","name":"TopEsqui","description":"Clases de esqu\u00ed y snowboard en Sierra Nevada","publisher":{"@id":"https:\/\/topesqui.es\/#organization"},"potentialAction":[{"@type":"SearchAction","target":{"@type":"EntryPoint","urlTemplate":"https:\/\/topesqui.es\/?s={search_term_string}"},"query-input":{"@type":"PropertyValueSpecification","valueRequired":true,"valueName":"search_term_string"}}],"inLanguage":"es"},{"@type":"Organization","@id":"https:\/\/topesqui.es\/#organization","name":"TopEsqui","url":"https:\/\/topesqui.es\/","logo":{"@type":"ImageObject","inLanguage":"es","@id":"https:\/\/topesqui.es\/#\/schema\/logo\/image\/","url":"https:\/\/topesqui.es\/wp-content\/uploads\/2024\/09\/cropped-cropped-Logo-TopEsqui.png","contentUrl":"https:\/\/topesqui.es\/wp-content\/uploads\/2024\/09\/cropped-cropped-Logo-TopEsqui.png","width":500,"height":238,"caption":"TopEsqui"},"image":{"@id":"https:\/\/topesqui.es\/#\/schema\/logo\/image\/"}}]}},"uagb_featured_image_src":{"full":false,"thumbnail":false,"medium":false,"medium_large":false,"large":false,"1536x1536":false,"2048x2048":false,"mailpoet_newsletter_max":false},"uagb_author_info":{"display_name":"topesqui.es","author_link":"https:\/\/topesqui.es\/?author=1"},"uagb_comment_info":0,"uagb_excerpt":"\u00a1Bienvenidos a Top Esqu\u00ed, donde no solo te ofrecemos las mejores clases de esqu\u00ed y snowboard de Sierra Nevada, si no que tambi\u00e9n te ofrecemos todas las actividades para completar tu viaje a la nieve y hacer de ello una experiencia inolvidable!","_links":{"self":[{"href":"https:\/\/topesqui.es\/index.php?rest_route=\/wp\/v2\/pages\/238","targetHints":{"allow":["GET"]}}],"collection":[{"href":"https:\/\/topesqui.es\/index.php?rest_route=\/wp\/v2\/pages"}],"about":[{"href":"https:\/\/topesqui.es\/index.php?rest_route=\/wp\/v2\/types\/page"}],"author":[{"embeddable":true,"href":"https:\/\/topesqui.es\/index.php?rest_route=\/wp\/v2\/users\/1"}],"replies":[{"embeddable":true,"href":"https:\/\/topesqui.es\/index.php?rest_route=%2Fwp%2Fv2%2Fcomments&post=238"}],"version-history":[{"count":4,"href":"https:\/\/topesqui.es\/index.php?rest_route=\/wp\/v2\/pages\/238\/revisions"}],"predecessor-version":[{"id":341,"href":"https:\/\/topesqui.es\/index.php?rest_route=\/wp\/v2\/pages\/238\/revisions\/341"}],"wp:attachment":[{"href":"https:\/\/topesqui.es\/index.php?rest_route=%2Fwp%2Fv2%2Fmedia&parent=238"}],"curies":[{"name":"wp","href":"https:\/\/api.w.org\/{rel}","templated":true}]}}