{"id":289,"date":"2024-10-04T13:39:44","date_gmt":"2024-10-04T13:39:44","guid":{"rendered":"https:\/\/topesqui.es\/?page_id=289"},"modified":"2025-02-03T16:33:51","modified_gmt":"2025-02-03T16:33:51","slug":"reservas","status":"publish","type":"page","link":"https:\/\/topesqui.es\/?page_id=289","title":{"rendered":"Reservas"},"content":{"rendered":"\n<div class=\"wp-block-columns is-layout-flex wp-container-core-columns-is-layout-1 wp-block-columns-is-layout-flex\">\n<div class=\"wp-block-column has-background is-layout-flow wp-block-column-is-layout-flow\" style=\"background-color:#8dd2fc63\">      \n\t\t\t<div class=\"uagb-icon-wrapper uagb-block-ce6e583f      \"\n\t\t\tstyle=\"\" >\n\t\t\t\t\t\t\t\t\t<span class=\"uagb-svg-wrapper\" \n\t\t\t\t\t aria-label=\"info\"\t\t\t\t\ttabindex=\"0\">\t\t\n\t\t\t\t\t\t\t\t\t\t<svg xmlns=\"https:\/\/www.w3.org\/2000\/svg\" viewBox= \"0 0 192 512\" role=\"img\" aria-hidden=\"false\" aria-label=\"\"><path d=\"M160 448h-32V224c0-17.69-14.33-32-32-32L32 192c-17.67 0-32 14.31-32 32s14.33 31.1 32 31.1h32v192H32c-17.67 0-32 14.31-32 32s14.33 32 32 32h128c17.67 0 32-14.31 32-32S177.7 448 160 448zM96 128c26.51 0 48-21.49 48-48S122.5 32.01 96 32.01s-48 21.49-48 48S69.49 128 96 128z\"><\/path><\/svg>\n\t\t\t\t\t\t\t\t\t<\/span>\n\t\t\t\t\t\t\t<\/div>\n\t\t\t\n\n\n<p class=\"has-text-align-center\">Reservar tu clase con Top Esqui es f\u00e1cil y sencillo. <\/p>\n\n\n\n<p class=\"has-text-align-center\"><strong>1.<\/strong> Selecciona tu servicio: Clase de esqu\u00ed, clases de snowboard o actividades.<\/p>\n\n\n\n<p class=\"has-text-align-center\"><strong>2.<\/strong> Elige la fecha y el horario para tu clases<\/p>\n\n\n\n<p class=\"has-text-align-center has-small-font-size\"><strong>Recuerda:<\/strong> Tienes las tarifas y los niveles explicados en nuestra p\u00e1gina web, al igual que todas nuestras modalidades de clase, as\u00ed que antes de iniciar el proceso de reserva recuerda revisar toda la informaci\u00f3n para asegurarte de elegir lo mejor para ti<\/p>\n\n\n\n<p class=\"has-text-align-center\"><strong><a href=\"https:\/\/topesqui.es\/?page_id=271\">Pulse aqu\u00ed para ver las tarifas<\/a><\/strong><\/p>\n\n\n\n<p class=\"has-text-align-center\"><strong><a href=\"https:\/\/topesqui.es\/?page_id=280\">Pulse aqu\u00ed para ver los niveles<\/a><\/strong><\/p>\n\n\n\n<p class=\"has-text-align-center\"><strong>3.<\/strong> Rellena el formulario<\/p>\n\n\n\n<p class=\"has-text-align-center\"><strong>4.<\/strong> Nos pondremos en contacto contigo para poder confirmar los datos y la disponibilidad de la reserva<\/p>\n\n\n\n<p class=\"has-text-align-center\"><strong>5.<\/strong> Pago de la reserva. Tendr\u00e1s que abonar un porcentaje de el servicio para poder realizar la reserva.<\/p>\n\n\n\n<p class=\"has-text-align-center\"><strong>6.<\/strong> Informaci\u00f3n. Una vez terminado el proceso de reserva podr\u00e1s acceder a un documento donde encontrar\u00e1s todas las preguntas y dudas frecuentes, al igual que toda la informaci\u00f3n necesaria para que est\u00e9s listo para la clase<\/p>\n<\/div>\n\n\n\n<div class=\"wp-block-column has-white-background-color has-background is-layout-flow wp-block-column-is-layout-flow\">\n<div class=\"wp-block-uagb-separator uagb-block-e4af94a7 wp-block-uagb-separator--icon\"><div class=\"wp-block-uagb-separator__inner\" style=\"--my-background-image:\"><div class=\"wp-block-uagb-separator-element\"><svg xmlns=\"https:\/\/www.w3.org\/2000\/svg\" viewBox=\"0 0 512 512\"><path d=\"M432.1 96.02c26.51 0 47.99-21.5 47.99-48.01S458.6 0 432.1 0s-47.98 21.5-47.98 48.01S405.6 96.02 432.1 96.02zM511.1 469.1c0-13.98-11.33-23.95-23.89-23.95c-18.89 0-19.23 19.11-46.15 19.11c-5.476 0-10.87-1.081-15.87-3.389l-135.8-70.26l49.15-73.82c5.446-8.116 8.09-17.39 8.09-26.63c0-12.4-4.776-24.73-14.09-33.9l-40.38-40.49l-106.1-53.1C185.6 165.8 185.4 169 185.4 172.2c0 16.65 6.337 32.78 18.42 44.86l75.03 75.21l-45.88 68.76L34.97 258.8C31.44 257 27.64 256.1 23.93 256.1C9.675 256.1 0 267.8 0 280.1c0 8.673 4.735 17.04 12.96 21.24l392 202.6c11.88 5.501 24.45 8.119 37.08 8.119C480.1 512 511.1 486.7 511.1 469.1zM119.1 91.65L108.5 114.2C114.2 117 120.2 118.4 126.2 118.4c9.153 0 18.1-3.2 25.06-9.102l47.26 23.51c-.125 0-.125 .125-.2501 .25l114.5 56.76l32.51-13l6.376 19.13c4.001 12.13 12.63 22.01 24 27.76l58.14 28.1c4.609 2.287 9.455 3.355 14.26 3.355c18.8 0 31.98-15.43 31.98-31.93c0-11.74-6.461-23.1-17.74-28.7l-52.03-26.1l-17.12-51.15C386.6 98.69 364.2 73.99 333.1 73.99c-7.658 0-15.82 1.504-24.43 4.934L227.4 111.3L164.9 80.33c.009-.3461 .0134-.692 .0134-1.038c0-14.13-7.468-27.7-20.89-34.53L132.9 66.45L98.17 59.43C97.83 59.36 97.53 59.35 97.19 59.35c-2.666 0-5.276 2.177-5.276 5.273c0 1.473 .648 2.936 1.81 3.961L119.1 91.65z\"><\/path><\/svg><\/div><\/div><\/div>\n\n\n\n<p class=\"has-text-align-center\"><strong>Reserva tu clase de esqu\u00ed privada o en grupo <\/strong><\/p>\n\n\n\n<div class=\"wp-block-uagb-buttons uagb-buttons__outer-wrap uagb-btn__default-btn uagb-btn-tablet__default-btn uagb-btn-mobile__default-btn uagb-block-f13bcc0a\"><div class=\"uagb-buttons__wrap uagb-buttons-layout-wrap \">\n<div class=\"wp-block-uagb-buttons-child uagb-buttons__outer-wrap uagb-block-f9dd8f28 wp-block-button\"><div class=\"uagb-button__wrapper\"><a class=\"uagb-buttons-repeater wp-block-button__link\" aria-label=\"\" href=\"https:\/\/docs.google.com\/forms\/d\/e\/1FAIpQLSdXH-w1TINr9CBRS35zOQAAJdMtoV3N8ShPT5qJER5VAP9ZtQ\/viewform?usp=sf_link\" rel=\"follow noopener\" target=\"_self\" role=\"button\"><div class=\"uagb-button__link\">Reserva tu clase de esqu\u00ed<\/div><span class=\"uagb-button__icon uagb-button__icon-position-after\"><svg xmlns=\"https:\/\/www.w3.org\/2000\/svg\" viewBox=\"0 0 448 512\" aria-hidden=\"true\" focussable=\"false\"><path d=\"M438.6 278.6l-160 160C272.4 444.9 264.2 448 256 448s-16.38-3.125-22.62-9.375c-12.5-12.5-12.5-32.75 0-45.25L338.8 288H32C14.33 288 .0016 273.7 .0016 256S14.33 224 32 224h306.8l-105.4-105.4c-12.5-12.5-12.5-32.75 0-45.25s32.75-12.5 45.25 0l160 160C451.1 245.9 451.1 266.1 438.6 278.6z\"><\/path><\/svg><\/span><\/a><\/div><\/div>\n<\/div><\/div>\n\n\n\n<p><\/p>\n\n\n\n<div class=\"wp-block-uagb-separator uagb-block-67d4ed12 wp-block-uagb-separator--icon\"><div class=\"wp-block-uagb-separator__inner\" style=\"--my-background-image:\"><div class=\"wp-block-uagb-separator-element\"><svg xmlns=\"https:\/\/www.w3.org\/2000\/svg\" viewBox=\"0 0 512 512\"><path d=\"M460.7 249.6c5.877 4.25 12.47 6.393 19.22 6.393c10.76 0 32.05-8.404 32.05-31.97c0-9.74-4.422-19.36-12.8-25.65l-111.5-83.48c-13.75-10.25-29.04-18.42-45.42-23.79l-63.66-21.23l-26.12-52.12c-5.589-11.17-16.9-17.64-28.63-17.64c-17.8 0-31.99 14.47-31.99 32.01c0 4.803 1.086 9.674 3.374 14.25l29.12 58.12c5.75 11.38 15.55 19.85 27.67 23.98l16.45 5.522L227.3 154.6C205.5 165.5 191.9 187.4 191.9 211.8L191.9 264.9L117.8 289.6C104.4 294.1 95.95 306.5 95.95 319.9c0 12.05 6.004 19.05 10.33 23.09l-38.68-14.14C41.23 319.4 49.11 295 23.97 295c-18.67 0-23.97 17.16-23.97 24.09c0 8.553 13.68 41.32 51.13 54.88l364.1 132.8C425.7 510.2 435.7 512 445.7 512c12.5 0 24.97-2.732 36.47-8.232c8.723-3.997 13.85-12.71 13.85-21.77c0-18.67-17.15-23.96-24.06-23.96c-3.375 0-6.73 .7505-9.998 2.248c-5.111 2.486-10.64 3.702-16.21 3.702c-4.511 0-9.049-.7978-13.41-2.364l-90.68-33.12c8.625-4.125 15.53-11.76 17.78-21.89l21.88-101.1c.7086-3.335 1.05-6.668 1.05-10c0-14.91-6.906-29.31-19.17-38.4l-52.01-39l66.01-30.5L460.7 249.6zM316.3 301.3l-19.66 92c-.4205 1.997-.5923 3.976-.5923 5.911c0 4.968 1.264 9.691 3.333 14.01l-169.5-61.49c2.625-.25 5.492-.4448 8.117-1.32l85-28.38c19.63-6.5 32.77-24.73 32.77-45.48l0-20.53L316.3 301.3zM431.9 95.99c26.5 0 48-21.5 48-47.1S458.4 0 431.9 0s-48 21.5-48 47.1S405.4 95.99 431.9 95.99z\"><\/path><\/svg><\/div><\/div><\/div>\n\n\n\n<p class=\"has-text-align-center\"><strong>Reserva tu clase de snowboard privada o en grupo<\/strong><\/p>\n\n\n\n<div class=\"wp-block-uagb-buttons uagb-buttons__outer-wrap uagb-btn__default-btn uagb-btn-tablet__default-btn uagb-btn-mobile__default-btn uagb-block-9a4bd322\"><div class=\"uagb-buttons__wrap uagb-buttons-layout-wrap \">\n<div class=\"wp-block-uagb-buttons-child uagb-buttons__outer-wrap uagb-block-f62fad3f wp-block-button\"><div class=\"uagb-button__wrapper\"><a class=\"uagb-buttons-repeater wp-block-button__link\" aria-label=\"\" href=\"https:\/\/docs.google.com\/forms\/d\/e\/1FAIpQLSdXH-w1TINr9CBRS35zOQAAJdMtoV3N8ShPT5qJER5VAP9ZtQ\/viewform?usp=sf_link\" rel=\"follow noopener\" target=\"_self\" role=\"button\"><div class=\"uagb-button__link\">Reserva tu clase de snowboard<\/div><span class=\"uagb-button__icon uagb-button__icon-position-after\"><svg xmlns=\"https:\/\/www.w3.org\/2000\/svg\" viewBox=\"0 0 448 512\" aria-hidden=\"true\" focussable=\"false\"><path d=\"M438.6 278.6l-160 160C272.4 444.9 264.2 448 256 448s-16.38-3.125-22.62-9.375c-12.5-12.5-12.5-32.75 0-45.25L338.8 288H32C14.33 288 .0016 273.7 .0016 256S14.33 224 32 224h306.8l-105.4-105.4c-12.5-12.5-12.5-32.75 0-45.25s32.75-12.5 45.25 0l160 160C451.1 245.9 451.1 266.1 438.6 278.6z\"><\/path><\/svg><\/span><\/a><\/div><\/div>\n<\/div><\/div>\n\n\n\n<p><\/p>\n\n\n\n<div class=\"wp-block-uagb-separator uagb-block-efdd61f8 wp-block-uagb-separator--icon\"><div class=\"wp-block-uagb-separator__inner\" style=\"--my-background-image:\"><div class=\"wp-block-uagb-separator-element\"><svg xmlns=\"https:\/\/www.w3.org\/2000\/svg\" viewBox=\"0 0 448 512\"><path d=\"M399.1 0c-26.5 0-48.01 21.5-48.01 48S373.5 96 399.1 96C426.5 96 448 74.5 448 48S426.5 0 399.1 0zM399.1 448c-8.751 0-16 7.25-16 16S376.7 480 367.1 480h-96.01c-8.751 0-16 7.25-16 16s7.251 16 16 16h96.01c26.5 0 48.01-21.5 48.01-48C415.1 455.2 408.7 448 399.1 448zM129.1 451.9c-11.34 0-11.19 9.36-22.65 9.36c-4.074 0-8.163-1.516-11.21-4.625l-67.98-67.89c-3.063-3.125-7.165-4.688-11.27-4.688c-4.102 0-8.204 1.562-11.27 4.688C1.562 391.8-.0001 395.9-.0001 400s1.562 8.203 4.688 11.27l67.88 67.98c9.376 9.375 21.59 14 33.96 14c13.23 0 38.57-8.992 38.57-25.36C145.1 456.7 135.2 451.9 129.1 451.9zM173.8 276.8L80.2 370.5c-6.251 6.25-9.376 14.44-9.376 22.62c0 24.75 22.57 32 31.88 32c8.251 0 16.5-3.125 22.63-9.375l91.89-92l-30.13-30.12C182.1 288.6 177.7 282.9 173.8 276.8zM127.1 160h105.5L213.3 177.3c-21.18 18.04-22.31 41.73-22.31 48.65c0 16.93 6.8 33.22 18.68 45.1l78.26 78.25V432c0 17.75 14.25 32 32 32s32-14.25 32-32v-89.38c0-12.62-5.126-25-14.13-33.88l-61.01-61c.5001-.5 1.25-.625 1.75-1.125l82.26-82.38c7.703-7.702 11.76-17.87 11.76-28.25c0-22.04-17.86-39.97-40.01-39.97L127.1 96C110.2 96 95.96 110.2 95.96 128S110.2 160 127.1 160z\"><\/path><\/svg><\/div><\/div><\/div>\n\n\n\n<p class=\"has-text-align-center\"><strong>Reserva tus actividades en Sierra Nevada<\/strong><\/p>\n\n\n\n<div class=\"wp-block-uagb-buttons uagb-buttons__outer-wrap uagb-btn__default-btn uagb-btn-tablet__default-btn uagb-btn-mobile__default-btn uagb-block-bc657b5f\"><div class=\"uagb-buttons__wrap uagb-buttons-layout-wrap \">\n<div class=\"wp-block-uagb-buttons-child uagb-buttons__outer-wrap uagb-block-ee2be2da wp-block-button\"><div class=\"uagb-button__wrapper\"><a class=\"uagb-buttons-repeater wp-block-button__link\" aria-label=\"\" href=\"https:\/\/docs.google.com\/forms\/d\/e\/1FAIpQLSdXH-w1TINr9CBRS35zOQAAJdMtoV3N8ShPT5qJER5VAP9ZtQ\/viewform?usp=sf_link\" rel=\"follow noopener\" target=\"_self\" role=\"button\"><div class=\"uagb-button__link\">Reserva tus actividades<\/div><span class=\"uagb-button__icon uagb-button__icon-position-after\"><svg xmlns=\"https:\/\/www.w3.org\/2000\/svg\" viewBox=\"0 0 448 512\" aria-hidden=\"true\" focussable=\"false\"><path d=\"M438.6 278.6l-160 160C272.4 444.9 264.2 448 256 448s-16.38-3.125-22.62-9.375c-12.5-12.5-12.5-32.75 0-45.25L338.8 288H32C14.33 288 .0016 273.7 .0016 256S14.33 224 32 224h306.8l-105.4-105.4c-12.5-12.5-12.5-32.75 0-45.25s32.75-12.5 45.25 0l160 160C451.1 245.9 451.1 266.1 438.6 278.6z\"><\/path><\/svg><\/span><\/a><\/div><\/div>\n<\/div><\/div>\n<\/div>\n<\/div>\n","protected":false},"excerpt":{"rendered":"<p>Reservar tu clase con Top Esqui es f\u00e1cil y sencillo. 1. Selecciona tu servicio: Clase de esqu\u00ed, clases de snowboard o actividades. 2. Elige la fecha y el horario para tu clases Recuerda: Tienes las tarifas y los niveles explicados en nuestra p\u00e1gina web, al igual que todas nuestras modalidades de clase, as\u00ed que antes [&hellip;]<\/p>\n","protected":false},"author":1,"featured_media":0,"parent":0,"menu_order":0,"comment_status":"closed","ping_status":"closed","template":"","meta":{"_uag_custom_page_level_css":"","footnotes":""},"class_list":["post-289","page","type-page","status-publish","hentry"],"yoast_head":"<!-- This site is optimized with the Yoast SEO plugin v24.5 - https:\/\/yoast.com\/wordpress\/plugins\/seo\/ -->\n<title>Reservas - TopEsqui<\/title>\n<meta name=\"description\" content=\"En menos de 5 minutos podr\u00e1s reservar tu clase de esqu\u00ed en Sierra Nevada con Top Esqu\u00ed, no te lo pierdas y reserva ya!!\" \/>\n<meta name=\"robots\" content=\"index, follow, max-snippet:-1, max-image-preview:large, max-video-preview:-1\" \/>\n<link rel=\"canonical\" href=\"https:\/\/topesqui.es\/?page_id=289\" \/>\n<meta property=\"og:locale\" content=\"es_ES\" \/>\n<meta property=\"og:type\" content=\"article\" \/>\n<meta property=\"og:title\" content=\"Reservas - TopEsqui\" \/>\n<meta property=\"og:description\" content=\"En menos de 5 minutos podr\u00e1s reservar tu clase de esqu\u00ed en Sierra Nevada con Top Esqu\u00ed, no te lo pierdas y reserva ya!!\" \/>\n<meta property=\"og:url\" content=\"https:\/\/topesqui.es\/?page_id=289\" \/>\n<meta property=\"og:site_name\" content=\"TopEsqui\" \/>\n<meta property=\"article:modified_time\" content=\"2025-02-03T16:33:51+00:00\" \/>\n<meta name=\"twitter:card\" content=\"summary_large_image\" \/>\n<meta name=\"twitter:label1\" content=\"Tiempo de lectura\" \/>\n\t<meta name=\"twitter:data1\" content=\"1 minuto\" \/>\n<script type=\"application\/ld+json\" class=\"yoast-schema-graph\">{\"@context\":\"https:\/\/schema.org\",\"@graph\":[{\"@type\":\"WebPage\",\"@id\":\"https:\/\/topesqui.es\/?page_id=289\",\"url\":\"https:\/\/topesqui.es\/?page_id=289\",\"name\":\"Reservas - TopEsqui\",\"isPartOf\":{\"@id\":\"https:\/\/topesqui.es\/#website\"},\"datePublished\":\"2024-10-04T13:39:44+00:00\",\"dateModified\":\"2025-02-03T16:33:51+00:00\",\"description\":\"En menos de 5 minutos podr\u00e1s reservar tu clase de esqu\u00ed en Sierra Nevada con Top Esqu\u00ed, no te lo pierdas y reserva ya!!\",\"breadcrumb\":{\"@id\":\"https:\/\/topesqui.es\/?page_id=289#breadcrumb\"},\"inLanguage\":\"es\",\"potentialAction\":[{\"@type\":\"ReadAction\",\"target\":[\"https:\/\/topesqui.es\/?page_id=289\"]}]},{\"@type\":\"BreadcrumbList\",\"@id\":\"https:\/\/topesqui.es\/?page_id=289#breadcrumb\",\"itemListElement\":[{\"@type\":\"ListItem\",\"position\":1,\"name\":\"Home\",\"item\":\"https:\/\/topesqui.es\/\"},{\"@type\":\"ListItem\",\"position\":2,\"name\":\"Reservas\"}]},{\"@type\":\"WebSite\",\"@id\":\"https:\/\/topesqui.es\/#website\",\"url\":\"https:\/\/topesqui.es\/\",\"name\":\"TopEsqui\",\"description\":\"Clases de esqu\u00ed y snowboard en Sierra Nevada\",\"publisher\":{\"@id\":\"https:\/\/topesqui.es\/#organization\"},\"potentialAction\":[{\"@type\":\"SearchAction\",\"target\":{\"@type\":\"EntryPoint\",\"urlTemplate\":\"https:\/\/topesqui.es\/?s={search_term_string}\"},\"query-input\":{\"@type\":\"PropertyValueSpecification\",\"valueRequired\":true,\"valueName\":\"search_term_string\"}}],\"inLanguage\":\"es\"},{\"@type\":\"Organization\",\"@id\":\"https:\/\/topesqui.es\/#organization\",\"name\":\"TopEsqui\",\"url\":\"https:\/\/topesqui.es\/\",\"logo\":{\"@type\":\"ImageObject\",\"inLanguage\":\"es\",\"@id\":\"https:\/\/topesqui.es\/#\/schema\/logo\/image\/\",\"url\":\"https:\/\/topesqui.es\/wp-content\/uploads\/2024\/09\/cropped-cropped-Logo-TopEsqui.png\",\"contentUrl\":\"https:\/\/topesqui.es\/wp-content\/uploads\/2024\/09\/cropped-cropped-Logo-TopEsqui.png\",\"width\":500,\"height\":238,\"caption\":\"TopEsqui\"},\"image\":{\"@id\":\"https:\/\/topesqui.es\/#\/schema\/logo\/image\/\"}}]}<\/script>\n<!-- \/ Yoast SEO plugin. -->","yoast_head_json":{"title":"Reservas - TopEsqui","description":"En menos de 5 minutos podr\u00e1s reservar tu clase de esqu\u00ed en Sierra Nevada con Top Esqu\u00ed, no te lo pierdas y reserva ya!!","robots":{"index":"index","follow":"follow","max-snippet":"max-snippet:-1","max-image-preview":"max-image-preview:large","max-video-preview":"max-video-preview:-1"},"canonical":"https:\/\/topesqui.es\/?page_id=289","og_locale":"es_ES","og_type":"article","og_title":"Reservas - TopEsqui","og_description":"En menos de 5 minutos podr\u00e1s reservar tu clase de esqu\u00ed en Sierra Nevada con Top Esqu\u00ed, no te lo pierdas y reserva ya!!","og_url":"https:\/\/topesqui.es\/?page_id=289","og_site_name":"TopEsqui","article_modified_time":"2025-02-03T16:33:51+00:00","twitter_card":"summary_large_image","twitter_misc":{"Tiempo de lectura":"1 minuto"},"schema":{"@context":"https:\/\/schema.org","@graph":[{"@type":"WebPage","@id":"https:\/\/topesqui.es\/?page_id=289","url":"https:\/\/topesqui.es\/?page_id=289","name":"Reservas - TopEsqui","isPartOf":{"@id":"https:\/\/topesqui.es\/#website"},"datePublished":"2024-10-04T13:39:44+00:00","dateModified":"2025-02-03T16:33:51+00:00","description":"En menos de 5 minutos podr\u00e1s reservar tu clase de esqu\u00ed en Sierra Nevada con Top Esqu\u00ed, no te lo pierdas y reserva ya!!","breadcrumb":{"@id":"https:\/\/topesqui.es\/?page_id=289#breadcrumb"},"inLanguage":"es","potentialAction":[{"@type":"ReadAction","target":["https:\/\/topesqui.es\/?page_id=289"]}]},{"@type":"BreadcrumbList","@id":"https:\/\/topesqui.es\/?page_id=289#breadcrumb","itemListElement":[{"@type":"ListItem","position":1,"name":"Home","item":"https:\/\/topesqui.es\/"},{"@type":"ListItem","position":2,"name":"Reservas"}]},{"@type":"WebSite","@id":"https:\/\/topesqui.es\/#website","url":"https:\/\/topesqui.es\/","name":"TopEsqui","description":"Clases de esqu\u00ed y snowboard en Sierra Nevada","publisher":{"@id":"https:\/\/topesqui.es\/#organization"},"potentialAction":[{"@type":"SearchAction","target":{"@type":"EntryPoint","urlTemplate":"https:\/\/topesqui.es\/?s={search_term_string}"},"query-input":{"@type":"PropertyValueSpecification","valueRequired":true,"valueName":"search_term_string"}}],"inLanguage":"es"},{"@type":"Organization","@id":"https:\/\/topesqui.es\/#organization","name":"TopEsqui","url":"https:\/\/topesqui.es\/","logo":{"@type":"ImageObject","inLanguage":"es","@id":"https:\/\/topesqui.es\/#\/schema\/logo\/image\/","url":"https:\/\/topesqui.es\/wp-content\/uploads\/2024\/09\/cropped-cropped-Logo-TopEsqui.png","contentUrl":"https:\/\/topesqui.es\/wp-content\/uploads\/2024\/09\/cropped-cropped-Logo-TopEsqui.png","width":500,"height":238,"caption":"TopEsqui"},"image":{"@id":"https:\/\/topesqui.es\/#\/schema\/logo\/image\/"}}]}},"uagb_featured_image_src":{"full":false,"thumbnail":false,"medium":false,"medium_large":false,"large":false,"1536x1536":false,"2048x2048":false,"mailpoet_newsletter_max":false},"uagb_author_info":{"display_name":"topesqui.es","author_link":"https:\/\/topesqui.es\/?author=1"},"uagb_comment_info":0,"uagb_excerpt":"Reservar tu clase con Top Esqui es f\u00e1cil y sencillo. 1. Selecciona tu servicio: Clase de esqu\u00ed, clases de snowboard o actividades. 2. Elige la fecha y el horario para tu clases Recuerda: Tienes las tarifas y los niveles explicados en nuestra p\u00e1gina web, al igual que todas nuestras modalidades de clase, as\u00ed que antes&hellip;","_links":{"self":[{"href":"https:\/\/topesqui.es\/index.php?rest_route=\/wp\/v2\/pages\/289","targetHints":{"allow":["GET"]}}],"collection":[{"href":"https:\/\/topesqui.es\/index.php?rest_route=\/wp\/v2\/pages"}],"about":[{"href":"https:\/\/topesqui.es\/index.php?rest_route=\/wp\/v2\/types\/page"}],"author":[{"embeddable":true,"href":"https:\/\/topesqui.es\/index.php?rest_route=\/wp\/v2\/users\/1"}],"replies":[{"embeddable":true,"href":"https:\/\/topesqui.es\/index.php?rest_route=%2Fwp%2Fv2%2Fcomments&post=289"}],"version-history":[{"count":5,"href":"https:\/\/topesqui.es\/index.php?rest_route=\/wp\/v2\/pages\/289\/revisions"}],"predecessor-version":[{"id":357,"href":"https:\/\/topesqui.es\/index.php?rest_route=\/wp\/v2\/pages\/289\/revisions\/357"}],"wp:attachment":[{"href":"https:\/\/topesqui.es\/index.php?rest_route=%2Fwp%2Fv2%2Fmedia&parent=289"}],"curies":[{"name":"wp","href":"https:\/\/api.w.org\/{rel}","templated":true}]}}