{"id":311,"date":"2024-10-04T14:29:10","date_gmt":"2024-10-04T14:29:10","guid":{"rendered":"https:\/\/topesqui.es\/?page_id=311"},"modified":"2024-10-09T10:16:03","modified_gmt":"2024-10-09T10:16:03","slug":"contacto","status":"publish","type":"page","link":"https:\/\/topesqui.es\/?page_id=311","title":{"rendered":"Contacto"},"content":{"rendered":"\n<div class=\"wp-block-columns is-layout-flex wp-container-core-columns-is-layout-1 wp-block-columns-is-layout-flex\">\n<div class=\"wp-block-column has-background is-layout-flow wp-block-column-is-layout-flow\" style=\"background-color:#8dd2fc7d;flex-basis:33.33%\">\n<h2 class=\"wp-block-heading has-text-align-center\">Bienvenido a TopEsqui<\/h2>\n\n\n\n<p class=\"has-text-align-center\">El siguiente formulario de contacto sirve para <strong>preguntar<\/strong> cualquier tipo de duda o consulta. Tambi\u00e9n podr\u00e1 rellenarlo para solicitar un presupuesto, aunque <strong>nunca servir\u00e1 para reserva<\/strong> de ning\u00fan servicio.<\/p>\n\n\n\n<p class=\"has-text-align-center has-text-color has-link-color wp-elements-91726944dd3a6292de9f9f781731f2da\" style=\"color:#05283c\"><a href=\"https:\/\/topesqui.es\/?page_id=289\"><strong>Si desea hacer la reserva de cualquiera de nuestros servicios pinch\u00e9 aqu\u00ed<\/strong><\/a><\/p>\n\n\n\n<p class=\"has-text-align-center\">El horario de atenci\u00f3n al cliente es de Lunes a Viernes de 9:00 a 16:00 <\/p>\n\n\n\n<p class=\"has-text-align-center\">Siempre intentamos contestar con la mayor brevedad posible<\/p>\n\n\n\n<p class=\"has-text-align-center\">Muchas gracias<\/p>\n\n\n\n<div class=\"wp-block-uagb-image uagb-block-aaa51c42 wp-block-uagb-image--layout-default wp-block-uagb-image--effect-static wp-block-uagb-image--align-none\"><figure class=\"wp-block-uagb-image__figure\"><img decoding=\"async\" srcset=\"https:\/\/topesqui.es\/wp-content\/uploads\/2024\/09\/Logo-TopEsqui.png ,https:\/\/topesqui.es\/wp-content\/uploads\/2024\/09\/Logo-TopEsqui.png 780w, https:\/\/topesqui.es\/wp-content\/uploads\/2024\/09\/Logo-TopEsqui.png 360w\" sizes=\"(max-width: 480px) 150px\" src=\"https:\/\/topesqui.es\/wp-content\/uploads\/2024\/09\/Logo-TopEsqui.png\" alt=\"\" class=\"uag-image-93\" width=\"118\" height=\"118\" title=\"Clases de esqu\u00ed Sierra Nevada\" loading=\"lazy\" role=\"img\"\/><\/figure><\/div>\n<\/div>\n\n\n\n<div class=\"wp-block-column is-layout-flow wp-block-column-is-layout-flow\" style=\"flex-basis:66.66%\"><div class=\"frm_forms  with_frm_style frm_style_formidable-style\" id=\"frm_form_4_container\" data-token=\"292196dad7ac9946c5d3c2c8bab2bb44\">\n<form enctype=\"multipart\/form-data\" method=\"post\" class=\"frm-show-form \" id=\"form_contacto-basico-1-0\" data-token=\"292196dad7ac9946c5d3c2c8bab2bb44\">\n<div class=\"frm_form_fields \">\n<fieldset>\n<legend class=\"frm_screen_reader\">Contacto B\u00e1sico 1.0<\/legend>\r\n\r\n<div class=\"frm_fields_container\">\n<input type=\"hidden\" name=\"frm_action\" value=\"create\" \/>\n<input type=\"hidden\" name=\"form_id\" value=\"4\" \/>\n<input type=\"hidden\" name=\"frm_hide_fields_4\" id=\"frm_hide_fields_4\" value=\"\" \/>\n<input type=\"hidden\" name=\"form_key\" value=\"contacto-basico-1-0\" \/>\n<input type=\"hidden\" name=\"item_meta[0]\" value=\"\" \/>\n<input type=\"hidden\" id=\"frm_submit_entry_4\" name=\"frm_submit_entry_4\" value=\"4152ce5e19\" \/><input type=\"hidden\" name=\"_wp_http_referer\" value=\"\/index.php?rest_route=%2Fwp%2Fv2%2Fpages%2F311\" \/><div id=\"frm_field_24_container\" class=\"frm_form_field form-field  frm_top_container\">\r\n\t<div  id=\"field_444gn_label\" class=\"frm_primary_label\">Nombre\r\n\t\t<span class=\"frm_required\" aria-hidden=\"true\"><\/span>\r\n\t<\/div>\r\n\t<fieldset aria-labelledby=\"field_444gn_label\">\n\t<legend class=\"frm_screen_reader frm_hidden\">\n\t\tNombre\t<\/legend>\n\n\t<div  class=\"frm_combo_inputs_container\" id=\"frm_combo_inputs_container_24\" data-name-layout=\"first_last\">\n\t\t\t\t\t<div\n\t\t\t\tid=\"frm_field_24-first_container\"\n\t\t\t\tclass=\"frm_form_field form-field frm_form_subfield-first  frm6\"\n\t\t\t\tdata-sub-field-name=\"first\"\n\t\t\t>\n\t\t\t\t<label for=\"field_444gn_first\" class=\"frm_screen_reader frm_hidden\">\n\t\t\t\t\tNombre\t\t\t\t<\/label>\n\n\t\t\t\t\t\t\t\t\t\t<input\n\t\t\t\t\t\t\ttype=\"text\"\n\t\t\t\t\t\t\tid=\"field_444gn_first\"\n\t\t\t\t\t\t\tvalue=\"\"\n\t\t\t\t\t\t\tname=\"item_meta[24][first]\"  data-invmsg=\"Nombre no es v\u00e1lido\" aria-invalid=\"false\"  \t\t\t\t\t\t\/>\n\t\t\t\t\t\t<div class=\"frm_description\" id=\"frm_field_24_first_desc\">Nombre<\/div>\t\t\t<\/div>\n\t\t\t\t\t\t<div\n\t\t\t\tid=\"frm_field_24-last_container\"\n\t\t\t\tclass=\"frm_form_field form-field frm_form_subfield-last  frm6\"\n\t\t\t\tdata-sub-field-name=\"last\"\n\t\t\t>\n\t\t\t\t<label for=\"field_444gn_last\" class=\"frm_screen_reader frm_hidden\">\n\t\t\t\t\tApellidos\t\t\t\t<\/label>\n\n\t\t\t\t\t\t\t\t\t\t<input\n\t\t\t\t\t\t\ttype=\"text\"\n\t\t\t\t\t\t\tid=\"field_444gn_last\"\n\t\t\t\t\t\t\tvalue=\"\"\n\t\t\t\t\t\t\tname=\"item_meta[24][last]\"  data-invmsg=\"Nombre no es v\u00e1lido\" aria-invalid=\"false\"  \t\t\t\t\t\t\/>\n\t\t\t\t\t\t<div class=\"frm_description\" id=\"frm_field_24_last_desc\">Apellidos<\/div>\t\t\t<\/div>\n\t\t\t\t<\/div>\n<\/fieldset>\n\r\n\t\r\n\t\r\n<\/div>\n<div id=\"frm_field_25_container\" class=\"frm_form_field form-field  frm_top_container\">\r\n\t<label for=\"field_96r11\" id=\"field_96r11_label\" class=\"frm_primary_label\">Correo eletr\u00f3nico\r\n\t\t<span class=\"frm_required\" aria-hidden=\"true\"><\/span>\r\n\t<\/label>\r\n\t<input type=\"email\" id=\"field_96r11\" name=\"item_meta[25]\" value=\"\"  data-invmsg=\"Correo eletr\u00f3nico no es v\u00e1lido\" aria-invalid=\"false\"  \/>\r\n\t\r\n\t\r\n<\/div>\n<div id=\"frm_field_26_container\" class=\"frm_form_field form-field  frm_top_container\">\r\n\t<label for=\"field_gesdt\" id=\"field_gesdt_label\" class=\"frm_primary_label\">Tel\u00e9fono\r\n\t\t<span class=\"frm_required\" aria-hidden=\"true\"><\/span>\r\n\t<\/label>\r\n\t<input type=\"tel\" id=\"field_gesdt\" name=\"item_meta[26]\" value=\"\"  data-invmsg=\"Tel\u00e9fono no es v\u00e1lido\" aria-invalid=\"false\" pattern=\"((\\+\\d{1,3}(-|.| )?\\(?\\d\\)?(-| |.)?\\d{1,5})|(\\(?\\d{2,6}\\)?))(-|.| )?(\\d{3,4})(-|.| )?(\\d{4})(( x| ext)\\d{1,5}){0,1}$\"  \/>\r\n\t\r\n\t\r\n<\/div>\n<div id=\"frm_field_31_container\" class=\"frm_form_field form-field  frm_top_container\">\r\n\t<label for=\"field_efku4\" id=\"field_efku4_label\" class=\"frm_primary_label\">En que podemos ayudarle \r\n\t\t<span class=\"frm_required\" aria-hidden=\"true\"><\/span>\r\n\t<\/label>\r\n\t\t\t<select name=\"item_meta[31]\" id=\"field_efku4\"  data-invmsg=\"En que podemos ayudarle  no es v\u00e1lido\" aria-invalid=\"false\"  >\n\t\t<option  value=\"Clases de esqu\u00ed\">Clases de esqu\u00ed<\/option><option  value=\"Clases de snowboard\">Clases de snowboard<\/option><option  value=\"Actividades\">Actividades<\/option><option  value=\"Alojamiento\">Alojamiento<\/option><option  value=\"Informaci\u00f3n\">Informaci\u00f3n<\/option><option  value=\"Otro motivo\">Otro motivo<\/option>\t<\/select>\n\t\r\n\t\r\n\t\r\n<\/div>\n<div id=\"frm_field_28_container\" class=\"frm_form_field form-field  frm_top_container\">\r\n\t<label for=\"field_ivhrc\" id=\"field_ivhrc_label\" class=\"frm_primary_label\">Dudas o observaciones\r\n\t\t<span class=\"frm_required\" aria-hidden=\"true\"><\/span>\r\n\t<\/label>\r\n\t<textarea name=\"item_meta[28]\" id=\"field_ivhrc\" rows=\"5\"  data-invmsg=\"Dudas o observaciones no es v\u00e1lido\" aria-invalid=\"false\"  ><\/textarea>\r\n\t\r\n\t\r\n<\/div>\n<div id=\"frm_field_33_container\" class=\"frm_form_field form-field  frm_required_field frm_top_container vertical_radio\">\r\n\t<div  id=\"field_qa6x9_label\" class=\"frm_primary_label\">Permisos\r\n\t\t<span class=\"frm_required\" aria-hidden=\"true\">*<\/span>\r\n\t<\/div>\r\n\t<div class=\"frm_opt_container\" aria-labelledby=\"field_qa6x9_label\" role=\"group\">\t\t<div class=\"frm_checkbox\" id=\"frm_checkbox_33-0\">\t\t\t<label  for=\"field_qa6x9-0\">\n\t\t\t<input type=\"checkbox\" name=\"item_meta[33][]\" id=\"field_qa6x9-0\" value=\"Estoy de acuerdo con la Pol\u00edtica de privacidad y Avisos Legales\"  data-reqmsg=\"Permisos cannot be blank.\" data-invmsg=\"Permisos no es v\u00e1lido\" aria-invalid=\"false\"   aria-required=\"true\"  \/> Estoy de acuerdo con la Pol\u00edtica de privacidad y Avisos Legales<\/label><\/div>\n<\/div>\r\n\t\r\n\t\r\n<\/div>\n<div id=\"frm_field_23_container\" class=\"frm_form_field form-field \">\r\n\t<div class=\"frm_submit frm_flex\">\r\n<button class=\"frm_button_submit\" type=\"submit\"  >Enviar<\/button>\r\n\r\n\r\n\r\n<\/div>\r\n<\/div>\n<div id=\"frm_field_34_container\" class=\"frm_form_field form-field  frm_top_container\">\n\t<div  id=\"field_6qjvw_label\" class=\"frm_primary_label\">Pago\n\t\t<span class=\"frm_required\" aria-hidden=\"true\"><\/span>\n\t<\/div>\n\t<div class=\"frm-card-element\" id=\"field_6qjvw\"><\/div>\n<div class=\"frm-card-errors frm_error\" id=\"frm_error_field_6qjvw\" role=\"alert\"><\/div>\n\n\t\n\t\n<\/div>\n<input type=\"hidden\" id=\"field_kwrqf\" name=\"item_meta[35]\" value=\"\"    \/>\t<input type=\"hidden\" name=\"item_key\" value=\"\" \/>\n\t\t\t\t<div class=\"frm__66fbc403dbb0d\">\n\t\t\t\t<label for=\"frm_email_4\" >\n\t\t\t\t\tSi eres humano, deja este campo en blanco.\t\t\t\t<\/label>\n\t\t\t\t<input  id=\"frm_email_4\" type=\"text\" class=\"frm_verify\" name=\"frm__66fbc403dbb0d\" value=\"\" autocomplete=\"off\"  \/>\n\t\t\t<\/div>\n\t\t<\/div>\n<\/fieldset>\n<\/div>\n\n<\/form>\n<\/div>\n<\/div>\n<\/div>\n\n\n\n<p><\/p>\n","protected":false},"excerpt":{"rendered":"<p>Bienvenido a TopEsqui El siguiente formulario de contacto sirve para preguntar cualquier tipo de duda o consulta. Tambi\u00e9n podr\u00e1 rellenarlo para solicitar un presupuesto, aunque nunca servir\u00e1 para reserva de ning\u00fan servicio. Si desea hacer la reserva de cualquiera de nuestros servicios pinch\u00e9 aqu\u00ed El horario de atenci\u00f3n al cliente es de Lunes a Viernes [&hellip;]<\/p>\n","protected":false},"author":1,"featured_media":316,"parent":0,"menu_order":0,"comment_status":"closed","ping_status":"closed","template":"","meta":{"_uag_custom_page_level_css":"","footnotes":""},"class_list":["post-311","page","type-page","status-publish","has-post-thumbnail","hentry"],"yoast_head":"<!-- This site is optimized with the Yoast SEO plugin v24.5 - https:\/\/yoast.com\/wordpress\/plugins\/seo\/ -->\n<title>Contacto - TopEsqui<\/title>\n<meta name=\"robots\" content=\"index, follow, max-snippet:-1, max-image-preview:large, max-video-preview:-1\" \/>\n<link rel=\"canonical\" href=\"https:\/\/topesqui.es\/?page_id=311\" \/>\n<meta property=\"og:locale\" content=\"es_ES\" \/>\n<meta property=\"og:type\" content=\"article\" \/>\n<meta property=\"og:title\" content=\"Contacto - TopEsqui\" \/>\n<meta property=\"og:description\" content=\"Bienvenido a TopEsqui El siguiente formulario de contacto sirve para preguntar cualquier tipo de duda o consulta. Tambi\u00e9n podr\u00e1 rellenarlo para solicitar un presupuesto, aunque nunca servir\u00e1 para reserva de ning\u00fan servicio. Si desea hacer la reserva de cualquiera de nuestros servicios pinch\u00e9 aqu\u00ed El horario de atenci\u00f3n al cliente es de Lunes a Viernes [&hellip;]\" \/>\n<meta property=\"og:url\" content=\"https:\/\/topesqui.es\/?page_id=311\" \/>\n<meta property=\"og:site_name\" content=\"TopEsqui\" \/>\n<meta property=\"article:modified_time\" content=\"2024-10-09T10:16:03+00:00\" \/>\n<meta property=\"og:image\" content=\"http:\/\/topesqui.es\/wp-content\/uploads\/2024\/10\/Clases-en-Sierra-Nevada-Top-esqui-1024x1024.png\" \/>\n\t<meta property=\"og:image:width\" content=\"1024\" \/>\n\t<meta property=\"og:image:height\" content=\"1024\" \/>\n\t<meta property=\"og:image:type\" content=\"image\/png\" \/>\n<meta name=\"twitter:card\" content=\"summary_large_image\" \/>\n<meta name=\"twitter:label1\" content=\"Tiempo de lectura\" \/>\n\t<meta name=\"twitter:data1\" content=\"1 minuto\" \/>\n<script type=\"application\/ld+json\" class=\"yoast-schema-graph\">{\"@context\":\"https:\/\/schema.org\",\"@graph\":[{\"@type\":\"WebPage\",\"@id\":\"https:\/\/topesqui.es\/?page_id=311\",\"url\":\"https:\/\/topesqui.es\/?page_id=311\",\"name\":\"Contacto - TopEsqui\",\"isPartOf\":{\"@id\":\"https:\/\/topesqui.es\/#website\"},\"primaryImageOfPage\":{\"@id\":\"https:\/\/topesqui.es\/?page_id=311#primaryimage\"},\"image\":{\"@id\":\"https:\/\/topesqui.es\/?page_id=311#primaryimage\"},\"thumbnailUrl\":\"https:\/\/topesqui.es\/wp-content\/uploads\/2024\/10\/Clases-en-Sierra-Nevada-Top-esqui.png\",\"datePublished\":\"2024-10-04T14:29:10+00:00\",\"dateModified\":\"2024-10-09T10:16:03+00:00\",\"breadcrumb\":{\"@id\":\"https:\/\/topesqui.es\/?page_id=311#breadcrumb\"},\"inLanguage\":\"es\",\"potentialAction\":[{\"@type\":\"ReadAction\",\"target\":[\"https:\/\/topesqui.es\/?page_id=311\"]}]},{\"@type\":\"ImageObject\",\"inLanguage\":\"es\",\"@id\":\"https:\/\/topesqui.es\/?page_id=311#primaryimage\",\"url\":\"https:\/\/topesqui.es\/wp-content\/uploads\/2024\/10\/Clases-en-Sierra-Nevada-Top-esqui.png\",\"contentUrl\":\"https:\/\/topesqui.es\/wp-content\/uploads\/2024\/10\/Clases-en-Sierra-Nevada-Top-esqui.png\",\"width\":1080,\"height\":1080},{\"@type\":\"BreadcrumbList\",\"@id\":\"https:\/\/topesqui.es\/?page_id=311#breadcrumb\",\"itemListElement\":[{\"@type\":\"ListItem\",\"position\":1,\"name\":\"Home\",\"item\":\"https:\/\/topesqui.es\/\"},{\"@type\":\"ListItem\",\"position\":2,\"name\":\"Contacto\"}]},{\"@type\":\"WebSite\",\"@id\":\"https:\/\/topesqui.es\/#website\",\"url\":\"https:\/\/topesqui.es\/\",\"name\":\"TopEsqui\",\"description\":\"Clases de esqu\u00ed y snowboard en Sierra Nevada\",\"publisher\":{\"@id\":\"https:\/\/topesqui.es\/#organization\"},\"potentialAction\":[{\"@type\":\"SearchAction\",\"target\":{\"@type\":\"EntryPoint\",\"urlTemplate\":\"https:\/\/topesqui.es\/?s={search_term_string}\"},\"query-input\":{\"@type\":\"PropertyValueSpecification\",\"valueRequired\":true,\"valueName\":\"search_term_string\"}}],\"inLanguage\":\"es\"},{\"@type\":\"Organization\",\"@id\":\"https:\/\/topesqui.es\/#organization\",\"name\":\"TopEsqui\",\"url\":\"https:\/\/topesqui.es\/\",\"logo\":{\"@type\":\"ImageObject\",\"inLanguage\":\"es\",\"@id\":\"https:\/\/topesqui.es\/#\/schema\/logo\/image\/\",\"url\":\"https:\/\/topesqui.es\/wp-content\/uploads\/2024\/09\/cropped-cropped-Logo-TopEsqui.png\",\"contentUrl\":\"https:\/\/topesqui.es\/wp-content\/uploads\/2024\/09\/cropped-cropped-Logo-TopEsqui.png\",\"width\":500,\"height\":238,\"caption\":\"TopEsqui\"},\"image\":{\"@id\":\"https:\/\/topesqui.es\/#\/schema\/logo\/image\/\"}}]}<\/script>\n<!-- \/ Yoast SEO plugin. -->","yoast_head_json":{"title":"Contacto - TopEsqui","robots":{"index":"index","follow":"follow","max-snippet":"max-snippet:-1","max-image-preview":"max-image-preview:large","max-video-preview":"max-video-preview:-1"},"canonical":"https:\/\/topesqui.es\/?page_id=311","og_locale":"es_ES","og_type":"article","og_title":"Contacto - TopEsqui","og_description":"Bienvenido a TopEsqui El siguiente formulario de contacto sirve para preguntar cualquier tipo de duda o consulta. Tambi\u00e9n podr\u00e1 rellenarlo para solicitar un presupuesto, aunque nunca servir\u00e1 para reserva de ning\u00fan servicio. Si desea hacer la reserva de cualquiera de nuestros servicios pinch\u00e9 aqu\u00ed El horario de atenci\u00f3n al cliente es de Lunes a Viernes [&hellip;]","og_url":"https:\/\/topesqui.es\/?page_id=311","og_site_name":"TopEsqui","article_modified_time":"2024-10-09T10:16:03+00:00","og_image":[{"width":1024,"height":1024,"url":"http:\/\/topesqui.es\/wp-content\/uploads\/2024\/10\/Clases-en-Sierra-Nevada-Top-esqui-1024x1024.png","type":"image\/png"}],"twitter_card":"summary_large_image","twitter_misc":{"Tiempo de lectura":"1 minuto"},"schema":{"@context":"https:\/\/schema.org","@graph":[{"@type":"WebPage","@id":"https:\/\/topesqui.es\/?page_id=311","url":"https:\/\/topesqui.es\/?page_id=311","name":"Contacto - TopEsqui","isPartOf":{"@id":"https:\/\/topesqui.es\/#website"},"primaryImageOfPage":{"@id":"https:\/\/topesqui.es\/?page_id=311#primaryimage"},"image":{"@id":"https:\/\/topesqui.es\/?page_id=311#primaryimage"},"thumbnailUrl":"https:\/\/topesqui.es\/wp-content\/uploads\/2024\/10\/Clases-en-Sierra-Nevada-Top-esqui.png","datePublished":"2024-10-04T14:29:10+00:00","dateModified":"2024-10-09T10:16:03+00:00","breadcrumb":{"@id":"https:\/\/topesqui.es\/?page_id=311#breadcrumb"},"inLanguage":"es","potentialAction":[{"@type":"ReadAction","target":["https:\/\/topesqui.es\/?page_id=311"]}]},{"@type":"ImageObject","inLanguage":"es","@id":"https:\/\/topesqui.es\/?page_id=311#primaryimage","url":"https:\/\/topesqui.es\/wp-content\/uploads\/2024\/10\/Clases-en-Sierra-Nevada-Top-esqui.png","contentUrl":"https:\/\/topesqui.es\/wp-content\/uploads\/2024\/10\/Clases-en-Sierra-Nevada-Top-esqui.png","width":1080,"height":1080},{"@type":"BreadcrumbList","@id":"https:\/\/topesqui.es\/?page_id=311#breadcrumb","itemListElement":[{"@type":"ListItem","position":1,"name":"Home","item":"https:\/\/topesqui.es\/"},{"@type":"ListItem","position":2,"name":"Contacto"}]},{"@type":"WebSite","@id":"https:\/\/topesqui.es\/#website","url":"https:\/\/topesqui.es\/","name":"TopEsqui","description":"Clases de esqu\u00ed y snowboard en Sierra Nevada","publisher":{"@id":"https:\/\/topesqui.es\/#organization"},"potentialAction":[{"@type":"SearchAction","target":{"@type":"EntryPoint","urlTemplate":"https:\/\/topesqui.es\/?s={search_term_string}"},"query-input":{"@type":"PropertyValueSpecification","valueRequired":true,"valueName":"search_term_string"}}],"inLanguage":"es"},{"@type":"Organization","@id":"https:\/\/topesqui.es\/#organization","name":"TopEsqui","url":"https:\/\/topesqui.es\/","logo":{"@type":"ImageObject","inLanguage":"es","@id":"https:\/\/topesqui.es\/#\/schema\/logo\/image\/","url":"https:\/\/topesqui.es\/wp-content\/uploads\/2024\/09\/cropped-cropped-Logo-TopEsqui.png","contentUrl":"https:\/\/topesqui.es\/wp-content\/uploads\/2024\/09\/cropped-cropped-Logo-TopEsqui.png","width":500,"height":238,"caption":"TopEsqui"},"image":{"@id":"https:\/\/topesqui.es\/#\/schema\/logo\/image\/"}}]}},"uagb_featured_image_src":{"full":["https:\/\/topesqui.es\/wp-content\/uploads\/2024\/10\/Clases-en-Sierra-Nevada-Top-esqui.png",1080,1080,false],"thumbnail":["https:\/\/topesqui.es\/wp-content\/uploads\/2024\/10\/Clases-en-Sierra-Nevada-Top-esqui-150x150.png",150,150,true],"medium":["https:\/\/topesqui.es\/wp-content\/uploads\/2024\/10\/Clases-en-Sierra-Nevada-Top-esqui-300x300.png",300,300,true],"medium_large":["https:\/\/topesqui.es\/wp-content\/uploads\/2024\/10\/Clases-en-Sierra-Nevada-Top-esqui-768x768.png",768,768,true],"large":["https:\/\/topesqui.es\/wp-content\/uploads\/2024\/10\/Clases-en-Sierra-Nevada-Top-esqui-1024x1024.png",1024,1024,true],"1536x1536":["https:\/\/topesqui.es\/wp-content\/uploads\/2024\/10\/Clases-en-Sierra-Nevada-Top-esqui.png",1080,1080,false],"2048x2048":["https:\/\/topesqui.es\/wp-content\/uploads\/2024\/10\/Clases-en-Sierra-Nevada-Top-esqui.png",1080,1080,false],"mailpoet_newsletter_max":["https:\/\/topesqui.es\/wp-content\/uploads\/2024\/10\/Clases-en-Sierra-Nevada-Top-esqui.png",1080,1080,false]},"uagb_author_info":{"display_name":"topesqui.es","author_link":"https:\/\/topesqui.es\/?author=1"},"uagb_comment_info":0,"uagb_excerpt":"Bienvenido a TopEsqui El siguiente formulario de contacto sirve para preguntar cualquier tipo de duda o consulta. Tambi\u00e9n podr\u00e1 rellenarlo para solicitar un presupuesto, aunque nunca servir\u00e1 para reserva de ning\u00fan servicio. Si desea hacer la reserva de cualquiera de nuestros servicios pinch\u00e9 aqu\u00ed El horario de atenci\u00f3n al cliente es de Lunes a Viernes&hellip;","_links":{"self":[{"href":"https:\/\/topesqui.es\/index.php?rest_route=\/wp\/v2\/pages\/311","targetHints":{"allow":["GET"]}}],"collection":[{"href":"https:\/\/topesqui.es\/index.php?rest_route=\/wp\/v2\/pages"}],"about":[{"href":"https:\/\/topesqui.es\/index.php?rest_route=\/wp\/v2\/types\/page"}],"author":[{"embeddable":true,"href":"https:\/\/topesqui.es\/index.php?rest_route=\/wp\/v2\/users\/1"}],"replies":[{"embeddable":true,"href":"https:\/\/topesqui.es\/index.php?rest_route=%2Fwp%2Fv2%2Fcomments&post=311"}],"version-history":[{"count":2,"href":"https:\/\/topesqui.es\/index.php?rest_route=\/wp\/v2\/pages\/311\/revisions"}],"predecessor-version":[{"id":335,"href":"https:\/\/topesqui.es\/index.php?rest_route=\/wp\/v2\/pages\/311\/revisions\/335"}],"wp:featuredmedia":[{"embeddable":true,"href":"https:\/\/topesqui.es\/index.php?rest_route=\/wp\/v2\/media\/316"}],"wp:attachment":[{"href":"https:\/\/topesqui.es\/index.php?rest_route=%2Fwp%2Fv2%2Fmedia&parent=311"}],"curies":[{"name":"wp","href":"https:\/\/api.w.org\/{rel}","templated":true}]}}