{"id":318,"date":"2024-10-04T15:41:19","date_gmt":"2024-10-04T15:41:19","guid":{"rendered":"https:\/\/topesqui.es\/?page_id=318"},"modified":"2024-10-04T15:46:36","modified_gmt":"2024-10-04T15:46:36","slug":"la-escuela","status":"publish","type":"page","link":"https:\/\/topesqui.es\/?page_id=318","title":{"rendered":"La escuela"},"content":{"rendered":"\n<h3 class=\"wp-block-heading has-text-align-center\">\u00a1Bienvenidos a <mark style=\"background-color:rgba(0, 0, 0, 0)\" class=\"has-inline-color has-vivid-cyan-blue-color\">TopEsqui<\/mark>, la mejor escuela de <mark style=\"background-color:rgba(0, 0, 0, 0)\" class=\"has-inline-color has-vivid-cyan-blue-color\">Sierra Nevada<\/mark>!<\/h3>\n\n\n\n<div class=\"wp-block-uagb-separator uagb-block-8a5cd9f5 wp-block-uagb-separator--text\"><div class=\"wp-block-uagb-separator__inner\" style=\"--my-background-image:\"><div class=\"wp-block-uagb-separator-element\"><h4 class=\"uagb-html-tag\">Con\u00f3cenos <\/h4><\/div><\/div><\/div>\n\n\n\n<h4 class=\"wp-block-heading has-text-align-center\">Llevamos m\u00e1s de 10 a\u00f1os trabajando en <mark style=\"background-color:rgba(0, 0, 0, 0)\" class=\"has-inline-color has-vivid-cyan-blue-color\">Sierra Nevada<\/mark>, trabajamos para acercar el mundo del esqu\u00ed a todas las personas   <\/h4>\n\n\n\n<div class=\"wp-block-columns is-layout-flex wp-container-core-columns-is-layout-1 wp-block-columns-is-layout-flex\">\n<div class=\"wp-block-column is-layout-flow wp-block-column-is-layout-flow\">      \n\t\t\t<div class=\"uagb-icon-wrapper uagb-block-5cfa2df0      \"\n\t\t\tstyle=\"\" >\n\t\t\t\t\t\t\t\t\t<span class=\"uagb-svg-wrapper\" \n\t\t\t\t\t aria-label=\"person-skiing\"\t\t\t\t\ttabindex=\"0\">\t\t\n\t\t\t\t\t\t\t\t\t\t<svg xmlns=\"https:\/\/www.w3.org\/2000\/svg\" viewBox= \"0 0 512 512\" role=\"graphics-symbol\" aria-hidden=\"false\" aria-label=\"\"><path d=\"M432.1 96.02c26.51 0 47.99-21.5 47.99-48.01S458.6 0 432.1 0s-47.98 21.5-47.98 48.01S405.6 96.02 432.1 96.02zM511.1 469.1c0-13.98-11.33-23.95-23.89-23.95c-18.89 0-19.23 19.11-46.15 19.11c-5.476 0-10.87-1.081-15.87-3.389l-135.8-70.26l49.15-73.82c5.446-8.116 8.09-17.39 8.09-26.63c0-12.4-4.776-24.73-14.09-33.9l-40.38-40.49l-106.1-53.1C185.6 165.8 185.4 169 185.4 172.2c0 16.65 6.337 32.78 18.42 44.86l75.03 75.21l-45.88 68.76L34.97 258.8C31.44 257 27.64 256.1 23.93 256.1C9.675 256.1 0 267.8 0 280.1c0 8.673 4.735 17.04 12.96 21.24l392 202.6c11.88 5.501 24.45 8.119 37.08 8.119C480.1 512 511.1 486.7 511.1 469.1zM119.1 91.65L108.5 114.2C114.2 117 120.2 118.4 126.2 118.4c9.153 0 18.1-3.2 25.06-9.102l47.26 23.51c-.125 0-.125 .125-.2501 .25l114.5 56.76l32.51-13l6.376 19.13c4.001 12.13 12.63 22.01 24 27.76l58.14 28.1c4.609 2.287 9.455 3.355 14.26 3.355c18.8 0 31.98-15.43 31.98-31.93c0-11.74-6.461-23.1-17.74-28.7l-52.03-26.1l-17.12-51.15C386.6 98.69 364.2 73.99 333.1 73.99c-7.658 0-15.82 1.504-24.43 4.934L227.4 111.3L164.9 80.33c.009-.3461 .0134-.692 .0134-1.038c0-14.13-7.468-27.7-20.89-34.53L132.9 66.45L98.17 59.43C97.83 59.36 97.53 59.35 97.19 59.35c-2.666 0-5.276 2.177-5.276 5.273c0 1.473 .648 2.936 1.81 3.961L119.1 91.65z\"><\/path><\/svg>\n\t\t\t\t\t\t\t\t\t<\/span>\n\t\t\t\t\t\t\t<\/div>\n\t\t\t\n\n\n<p><strong>Monitores titulados y con experiencia<\/strong><\/p>\n<\/div>\n\n\n\n<div class=\"wp-block-column is-layout-flow wp-block-column-is-layout-flow\">      \n\t\t\t<div class=\"uagb-icon-wrapper uagb-block-7291e695      \"\n\t\t\tstyle=\"\" >\n\t\t\t\t\t\t\t\t\t<span class=\"uagb-svg-wrapper\" \n\t\t\t\t\t aria-label=\"person-skiing-nordic\"\t\t\t\t\ttabindex=\"0\">\t\t\n\t\t\t\t\t\t\t\t\t\t<svg xmlns=\"https:\/\/www.w3.org\/2000\/svg\" viewBox= \"0 0 576 512\" role=\"graphics-symbol\" aria-hidden=\"false\" aria-label=\"\"><path d=\"M336 96C362.5 96 384 74.5 384 48S362.5 0 336 0S288 21.5 288 48S309.5 96 336 96zM552 416c-13.25 0-24 10.75-24 24s-10.75 24-24 24h-69.5L460 285.6c11.75-4.75 20.04-16.31 20.04-29.69c0-17.75-14.38-31.95-32.01-31.95l-43.9-.0393l-26.11-53.22c-12.5-25.5-35.5-44.12-61.75-50.87l-71.22-21.15c-7.475-1.819-15.08-2.693-22.59-2.693c-20.86 0-41.25 6.854-58.16 19.72L124.6 146.2C116.3 152.5 111.1 161.1 111.1 171.6c0 14.71 8.712 21.23 9.031 21.6L66.88 464H24C10.75 464 0 474.8 0 488S10.75 512 24 512h480c39.75 0 72-32.25 72-72C576 426.8 565.3 416 552 416zM291.6 463.9H194.7l43.1-90.97l-21.99-12.1c-12.13-7.25-21.99-16.89-29.49-27.77l-62.48 131.7L99.5 464l52.25-261.4c4.125-1 8.112-2.846 11.74-5.596l39.81-30.45c5.821-4.485 12.86-6.771 19.38-6.771c2.021 0 4.015 .212 5.878 .6556l14.73 4.383L205.8 252.2C202.3 260.3 200.7 268.9 200.7 277.3c0 22.06 11.42 43.37 31.41 55.22l84.97 50.15L291.6 463.9zM402.1 464l-43.58-.125l23.6-75.48c1.221-4.314 1.805-8.69 1.805-13.03c0-16.53-8.558-32.43-23.41-41.34l-61.21-36.1l31.32-78.23l20.26 41.36c8 16.25 24.86 26.89 43.11 26.89L427.3 288L402.1 464z\"><\/path><\/svg>\n\t\t\t\t\t\t\t\t\t<\/span>\n\t\t\t\t\t\t\t<\/div>\n\t\t\t\n\n\n<p><strong>Clases de esqu\u00ed, snowboard y much\u00edsimas actividades complementarias<\/strong><\/p>\n<\/div>\n\n\n\n<div class=\"wp-block-column is-layout-flow wp-block-column-is-layout-flow\">      \n\t\t\t<div class=\"uagb-icon-wrapper uagb-block-0862c9c0      \"\n\t\t\tstyle=\"\" >\n\t\t\t\t\t\t\t\t\t<span class=\"uagb-svg-wrapper\" \n\t\t\t\t\t aria-label=\"person-snowboarding\"\t\t\t\t\ttabindex=\"0\">\t\t\n\t\t\t\t\t\t\t\t\t\t<svg xmlns=\"https:\/\/www.w3.org\/2000\/svg\" viewBox= \"0 0 512 512\" role=\"graphics-symbol\" aria-hidden=\"false\" aria-label=\"\"><path d=\"M460.7 249.6c5.877 4.25 12.47 6.393 19.22 6.393c10.76 0 32.05-8.404 32.05-31.97c0-9.74-4.422-19.36-12.8-25.65l-111.5-83.48c-13.75-10.25-29.04-18.42-45.42-23.79l-63.66-21.23l-26.12-52.12c-5.589-11.17-16.9-17.64-28.63-17.64c-17.8 0-31.99 14.47-31.99 32.01c0 4.803 1.086 9.674 3.374 14.25l29.12 58.12c5.75 11.38 15.55 19.85 27.67 23.98l16.45 5.522L227.3 154.6C205.5 165.5 191.9 187.4 191.9 211.8L191.9 264.9L117.8 289.6C104.4 294.1 95.95 306.5 95.95 319.9c0 12.05 6.004 19.05 10.33 23.09l-38.68-14.14C41.23 319.4 49.11 295 23.97 295c-18.67 0-23.97 17.16-23.97 24.09c0 8.553 13.68 41.32 51.13 54.88l364.1 132.8C425.7 510.2 435.7 512 445.7 512c12.5 0 24.97-2.732 36.47-8.232c8.723-3.997 13.85-12.71 13.85-21.77c0-18.67-17.15-23.96-24.06-23.96c-3.375 0-6.73 .7505-9.998 2.248c-5.111 2.486-10.64 3.702-16.21 3.702c-4.511 0-9.049-.7978-13.41-2.364l-90.68-33.12c8.625-4.125 15.53-11.76 17.78-21.89l21.88-101.1c.7086-3.335 1.05-6.668 1.05-10c0-14.91-6.906-29.31-19.17-38.4l-52.01-39l66.01-30.5L460.7 249.6zM316.3 301.3l-19.66 92c-.4205 1.997-.5923 3.976-.5923 5.911c0 4.968 1.264 9.691 3.333 14.01l-169.5-61.49c2.625-.25 5.492-.4448 8.117-1.32l85-28.38c19.63-6.5 32.77-24.73 32.77-45.48l0-20.53L316.3 301.3zM431.9 95.99c26.5 0 48-21.5 48-47.1S458.4 0 431.9 0s-48 21.5-48 47.1S405.4 95.99 431.9 95.99z\"><\/path><\/svg>\n\t\t\t\t\t\t\t\t\t<\/span>\n\t\t\t\t\t\t\t<\/div>\n\t\t\t\n\n\n<p><strong>Clases privadas o colectivas, adaptadas a todos los niveles<\/strong><\/p>\n<\/div>\n<\/div>\n\n\n\n<div class=\"wp-block-media-text is-stacked-on-mobile has-background\" style=\"background-color:#0792e36e\"><figure class=\"wp-block-media-text__media\"><img loading=\"lazy\" decoding=\"async\" width=\"510\" height=\"510\" src=\"http:\/\/topesqui.es\/wp-content\/uploads\/2024\/10\/2023-01-25.jpg\" alt=\"\" class=\"wp-image-239 size-full\" srcset=\"https:\/\/topesqui.es\/wp-content\/uploads\/2024\/10\/2023-01-25.jpg 510w, https:\/\/topesqui.es\/wp-content\/uploads\/2024\/10\/2023-01-25-300x300.jpg 300w, https:\/\/topesqui.es\/wp-content\/uploads\/2024\/10\/2023-01-25-100x100.jpg 100w, https:\/\/topesqui.es\/wp-content\/uploads\/2024\/10\/2023-01-25-150x150.jpg 150w\" sizes=\"(max-width: 510px) 100vw, 510px\" \/><\/figure><div class=\"wp-block-media-text__content\">\n<p><strong>La escuela de Top Esqui es elegida por cientos de clientes cada temporada<\/strong>, tanto para iniciarse en el mundo del esqu\u00ed como por expertos para prepararse para t\u00edtulos profesionales o para perfeccionarse en aspectos t\u00e9cnicos.<\/p>\n\n\n\n<div id=\"wp-block-themeisle-blocks-icon-list-f7fad70a\" class=\"wp-block-themeisle-blocks-icon-list\">\n<div id=\"wp-block-themeisle-blocks-icon-list-item-11a25b54\" class=\"wp-block-themeisle-blocks-icon-list-item\"><i class=\"fas fa-check wp-block-themeisle-blocks-icon-list-item-icon\"><\/i><p class=\"wp-block-themeisle-blocks-icon-list-item-content\">Clases para todos los niveles<\/p><\/div>\n\n\n\n<div id=\"wp-block-themeisle-blocks-icon-list-item-ecc1360a\" class=\"wp-block-themeisle-blocks-icon-list-item\"><i class=\"fas fa-check wp-block-themeisle-blocks-icon-list-item-icon\"><\/i><p class=\"wp-block-themeisle-blocks-icon-list-item-content\">Ll\u00e9vate fotos de recuerdo<\/p><\/div>\n\n\n\n<div id=\"wp-block-themeisle-blocks-icon-list-item-6a694aba\" class=\"wp-block-themeisle-blocks-icon-list-item\"><i class=\"fas fa-check wp-block-themeisle-blocks-icon-list-item-icon\"><\/i><p class=\"wp-block-themeisle-blocks-icon-list-item-content\">Escuela abierta toda la temporada<\/p><\/div>\n<\/div>\n<\/div><\/div>\n\n\n\n<div class=\"wp-block-media-text has-media-on-the-right is-stacked-on-mobile has-background\" style=\"background-color:#0792e33d\"><div class=\"wp-block-media-text__content\">\n<p><strong>El mejor equipo<\/strong><\/p>\n\n\n\n<p>Nuestro equipo de profesionales cuentan con titulaci\u00f3n y experiencia. <\/p>\n\n\n\n<p>Contamos con expertos en distintas modalidades, para que las clases siempre se adaptan a todas tus necesidades.<\/p>\n\n\n\n<p><strong>Trabaja con nosotros<\/strong><\/p>\n\n\n\n<p>Si crees que encajas con esta descripci\u00f3n \u00fanete a nuestro equipo <\/p>\n\n\n\n<div class=\"wp-block-uagb-buttons uagb-buttons__outer-wrap uagb-btn__default-btn uagb-btn-tablet__default-btn uagb-btn-mobile__default-btn uagb-block-f43ad30d\"><div class=\"uagb-buttons__wrap uagb-buttons-layout-wrap \">\n<div class=\"wp-block-uagb-buttons-child uagb-buttons__outer-wrap uagb-block-33114df3 wp-block-button\"><div class=\"uagb-button__wrapper\"><a class=\"uagb-buttons-repeater wp-block-button__link\" aria-label=\"\" href=\"https:\/\/forms.gle\/wTJTokjZhU2nqYEj6\" rel=\"follow noopener\" target=\"_self\" role=\"button\"><div class=\"uagb-button__link\">Trabaja con nosotros<\/div><span class=\"uagb-button__icon uagb-button__icon-position-after\"><svg xmlns=\"https:\/\/www.w3.org\/2000\/svg\" viewBox=\"0 0 448 512\" aria-hidden=\"true\" focussable=\"false\"><path d=\"M438.6 278.6l-160 160C272.4 444.9 264.2 448 256 448s-16.38-3.125-22.62-9.375c-12.5-12.5-12.5-32.75 0-45.25L338.8 288H32C14.33 288 .0016 273.7 .0016 256S14.33 224 32 224h306.8l-105.4-105.4c-12.5-12.5-12.5-32.75 0-45.25s32.75-12.5 45.25 0l160 160C451.1 245.9 451.1 266.1 438.6 278.6z\"><\/path><\/svg><\/span><\/a><\/div><\/div>\n<\/div><\/div>\n<\/div><figure class=\"wp-block-media-text__media\"><img loading=\"lazy\" decoding=\"async\" width=\"1024\" height=\"1024\" src=\"http:\/\/topesqui.es\/wp-content\/uploads\/2024\/10\/Clases-en-Sierra-Nevada-Top-esqui-1024x1024.png\" alt=\"\" class=\"wp-image-316 size-full\" srcset=\"https:\/\/topesqui.es\/wp-content\/uploads\/2024\/10\/Clases-en-Sierra-Nevada-Top-esqui-1024x1024.png 1024w, https:\/\/topesqui.es\/wp-content\/uploads\/2024\/10\/Clases-en-Sierra-Nevada-Top-esqui-300x300.png 300w, https:\/\/topesqui.es\/wp-content\/uploads\/2024\/10\/Clases-en-Sierra-Nevada-Top-esqui-100x100.png 100w, https:\/\/topesqui.es\/wp-content\/uploads\/2024\/10\/Clases-en-Sierra-Nevada-Top-esqui-600x600.png 600w, https:\/\/topesqui.es\/wp-content\/uploads\/2024\/10\/Clases-en-Sierra-Nevada-Top-esqui-150x150.png 150w, https:\/\/topesqui.es\/wp-content\/uploads\/2024\/10\/Clases-en-Sierra-Nevada-Top-esqui-768x768.png 768w, https:\/\/topesqui.es\/wp-content\/uploads\/2024\/10\/Clases-en-Sierra-Nevada-Top-esqui.png 1080w\" sizes=\"(max-width: 1024px) 100vw, 1024px\" \/><\/figure><\/div>\n\n\n\n<p><\/p>\n","protected":false},"excerpt":{"rendered":"<p>\u00a1Bienvenidos a TopEsqui, la mejor escuela de Sierra Nevada! Llevamos m\u00e1s de 10 a\u00f1os trabajando en Sierra Nevada, trabajamos para acercar el mundo del esqu\u00ed a todas las personas Monitores titulados y con experiencia Clases de esqu\u00ed, snowboard y much\u00edsimas actividades complementarias Clases privadas o colectivas, adaptadas a todos los niveles<\/p>\n","protected":false},"author":1,"featured_media":0,"parent":0,"menu_order":0,"comment_status":"closed","ping_status":"closed","template":"","meta":{"_uag_custom_page_level_css":"","footnotes":""},"class_list":["post-318","page","type-page","status-publish","hentry"],"yoast_head":"<!-- This site is optimized with the Yoast SEO plugin v24.5 - https:\/\/yoast.com\/wordpress\/plugins\/seo\/ -->\n<title>La escuela - TopEsqui<\/title>\n<meta name=\"robots\" content=\"index, follow, max-snippet:-1, max-image-preview:large, max-video-preview:-1\" \/>\n<link rel=\"canonical\" href=\"https:\/\/topesqui.es\/?page_id=318\" \/>\n<meta property=\"og:locale\" content=\"es_ES\" \/>\n<meta property=\"og:type\" content=\"article\" \/>\n<meta property=\"og:title\" content=\"La escuela - TopEsqui\" \/>\n<meta property=\"og:description\" content=\"\u00a1Bienvenidos a TopEsqui, la mejor escuela de Sierra Nevada! Llevamos m\u00e1s de 10 a\u00f1os trabajando en Sierra Nevada, trabajamos para acercar el mundo del esqu\u00ed a todas las personas Monitores titulados y con experiencia Clases de esqu\u00ed, snowboard y much\u00edsimas actividades complementarias Clases privadas o colectivas, adaptadas a todos los niveles\" \/>\n<meta property=\"og:url\" content=\"https:\/\/topesqui.es\/?page_id=318\" \/>\n<meta property=\"og:site_name\" content=\"TopEsqui\" \/>\n<meta property=\"article:modified_time\" content=\"2024-10-04T15:46:36+00:00\" \/>\n<meta property=\"og:image\" content=\"http:\/\/topesqui.es\/wp-content\/uploads\/2024\/10\/2023-01-25.jpg\" \/>\n<meta name=\"twitter:card\" content=\"summary_large_image\" \/>\n<meta name=\"twitter:label1\" content=\"Tiempo de lectura\" \/>\n\t<meta name=\"twitter:data1\" content=\"2 minutos\" \/>\n<script type=\"application\/ld+json\" class=\"yoast-schema-graph\">{\"@context\":\"https:\/\/schema.org\",\"@graph\":[{\"@type\":\"WebPage\",\"@id\":\"https:\/\/topesqui.es\/?page_id=318\",\"url\":\"https:\/\/topesqui.es\/?page_id=318\",\"name\":\"La escuela - TopEsqui\",\"isPartOf\":{\"@id\":\"https:\/\/topesqui.es\/#website\"},\"primaryImageOfPage\":{\"@id\":\"https:\/\/topesqui.es\/?page_id=318#primaryimage\"},\"image\":{\"@id\":\"https:\/\/topesqui.es\/?page_id=318#primaryimage\"},\"thumbnailUrl\":\"http:\/\/topesqui.es\/wp-content\/uploads\/2024\/10\/2023-01-25.jpg\",\"datePublished\":\"2024-10-04T15:41:19+00:00\",\"dateModified\":\"2024-10-04T15:46:36+00:00\",\"breadcrumb\":{\"@id\":\"https:\/\/topesqui.es\/?page_id=318#breadcrumb\"},\"inLanguage\":\"es\",\"potentialAction\":[{\"@type\":\"ReadAction\",\"target\":[\"https:\/\/topesqui.es\/?page_id=318\"]}]},{\"@type\":\"ImageObject\",\"inLanguage\":\"es\",\"@id\":\"https:\/\/topesqui.es\/?page_id=318#primaryimage\",\"url\":\"https:\/\/topesqui.es\/wp-content\/uploads\/2024\/10\/2023-01-25.jpg\",\"contentUrl\":\"https:\/\/topesqui.es\/wp-content\/uploads\/2024\/10\/2023-01-25.jpg\",\"width\":510,\"height\":510,\"caption\":\"Clase privada en Sierra Nevada\"},{\"@type\":\"BreadcrumbList\",\"@id\":\"https:\/\/topesqui.es\/?page_id=318#breadcrumb\",\"itemListElement\":[{\"@type\":\"ListItem\",\"position\":1,\"name\":\"Home\",\"item\":\"https:\/\/topesqui.es\/\"},{\"@type\":\"ListItem\",\"position\":2,\"name\":\"La escuela\"}]},{\"@type\":\"WebSite\",\"@id\":\"https:\/\/topesqui.es\/#website\",\"url\":\"https:\/\/topesqui.es\/\",\"name\":\"TopEsqui\",\"description\":\"Clases de esqu\u00ed y snowboard en Sierra Nevada\",\"publisher\":{\"@id\":\"https:\/\/topesqui.es\/#organization\"},\"potentialAction\":[{\"@type\":\"SearchAction\",\"target\":{\"@type\":\"EntryPoint\",\"urlTemplate\":\"https:\/\/topesqui.es\/?s={search_term_string}\"},\"query-input\":{\"@type\":\"PropertyValueSpecification\",\"valueRequired\":true,\"valueName\":\"search_term_string\"}}],\"inLanguage\":\"es\"},{\"@type\":\"Organization\",\"@id\":\"https:\/\/topesqui.es\/#organization\",\"name\":\"TopEsqui\",\"url\":\"https:\/\/topesqui.es\/\",\"logo\":{\"@type\":\"ImageObject\",\"inLanguage\":\"es\",\"@id\":\"https:\/\/topesqui.es\/#\/schema\/logo\/image\/\",\"url\":\"https:\/\/topesqui.es\/wp-content\/uploads\/2024\/09\/cropped-cropped-Logo-TopEsqui.png\",\"contentUrl\":\"https:\/\/topesqui.es\/wp-content\/uploads\/2024\/09\/cropped-cropped-Logo-TopEsqui.png\",\"width\":500,\"height\":238,\"caption\":\"TopEsqui\"},\"image\":{\"@id\":\"https:\/\/topesqui.es\/#\/schema\/logo\/image\/\"}}]}<\/script>\n<!-- \/ Yoast SEO plugin. -->","yoast_head_json":{"title":"La escuela - TopEsqui","robots":{"index":"index","follow":"follow","max-snippet":"max-snippet:-1","max-image-preview":"max-image-preview:large","max-video-preview":"max-video-preview:-1"},"canonical":"https:\/\/topesqui.es\/?page_id=318","og_locale":"es_ES","og_type":"article","og_title":"La escuela - TopEsqui","og_description":"\u00a1Bienvenidos a TopEsqui, la mejor escuela de Sierra Nevada! Llevamos m\u00e1s de 10 a\u00f1os trabajando en Sierra Nevada, trabajamos para acercar el mundo del esqu\u00ed a todas las personas Monitores titulados y con experiencia Clases de esqu\u00ed, snowboard y much\u00edsimas actividades complementarias Clases privadas o colectivas, adaptadas a todos los niveles","og_url":"https:\/\/topesqui.es\/?page_id=318","og_site_name":"TopEsqui","article_modified_time":"2024-10-04T15:46:36+00:00","og_image":[{"url":"http:\/\/topesqui.es\/wp-content\/uploads\/2024\/10\/2023-01-25.jpg","type":"","width":"","height":""}],"twitter_card":"summary_large_image","twitter_misc":{"Tiempo de lectura":"2 minutos"},"schema":{"@context":"https:\/\/schema.org","@graph":[{"@type":"WebPage","@id":"https:\/\/topesqui.es\/?page_id=318","url":"https:\/\/topesqui.es\/?page_id=318","name":"La escuela - TopEsqui","isPartOf":{"@id":"https:\/\/topesqui.es\/#website"},"primaryImageOfPage":{"@id":"https:\/\/topesqui.es\/?page_id=318#primaryimage"},"image":{"@id":"https:\/\/topesqui.es\/?page_id=318#primaryimage"},"thumbnailUrl":"http:\/\/topesqui.es\/wp-content\/uploads\/2024\/10\/2023-01-25.jpg","datePublished":"2024-10-04T15:41:19+00:00","dateModified":"2024-10-04T15:46:36+00:00","breadcrumb":{"@id":"https:\/\/topesqui.es\/?page_id=318#breadcrumb"},"inLanguage":"es","potentialAction":[{"@type":"ReadAction","target":["https:\/\/topesqui.es\/?page_id=318"]}]},{"@type":"ImageObject","inLanguage":"es","@id":"https:\/\/topesqui.es\/?page_id=318#primaryimage","url":"https:\/\/topesqui.es\/wp-content\/uploads\/2024\/10\/2023-01-25.jpg","contentUrl":"https:\/\/topesqui.es\/wp-content\/uploads\/2024\/10\/2023-01-25.jpg","width":510,"height":510,"caption":"Clase privada en Sierra Nevada"},{"@type":"BreadcrumbList","@id":"https:\/\/topesqui.es\/?page_id=318#breadcrumb","itemListElement":[{"@type":"ListItem","position":1,"name":"Home","item":"https:\/\/topesqui.es\/"},{"@type":"ListItem","position":2,"name":"La escuela"}]},{"@type":"WebSite","@id":"https:\/\/topesqui.es\/#website","url":"https:\/\/topesqui.es\/","name":"TopEsqui","description":"Clases de esqu\u00ed y snowboard en Sierra Nevada","publisher":{"@id":"https:\/\/topesqui.es\/#organization"},"potentialAction":[{"@type":"SearchAction","target":{"@type":"EntryPoint","urlTemplate":"https:\/\/topesqui.es\/?s={search_term_string}"},"query-input":{"@type":"PropertyValueSpecification","valueRequired":true,"valueName":"search_term_string"}}],"inLanguage":"es"},{"@type":"Organization","@id":"https:\/\/topesqui.es\/#organization","name":"TopEsqui","url":"https:\/\/topesqui.es\/","logo":{"@type":"ImageObject","inLanguage":"es","@id":"https:\/\/topesqui.es\/#\/schema\/logo\/image\/","url":"https:\/\/topesqui.es\/wp-content\/uploads\/2024\/09\/cropped-cropped-Logo-TopEsqui.png","contentUrl":"https:\/\/topesqui.es\/wp-content\/uploads\/2024\/09\/cropped-cropped-Logo-TopEsqui.png","width":500,"height":238,"caption":"TopEsqui"},"image":{"@id":"https:\/\/topesqui.es\/#\/schema\/logo\/image\/"}}]}},"uagb_featured_image_src":{"full":false,"thumbnail":false,"medium":false,"medium_large":false,"large":false,"1536x1536":false,"2048x2048":false,"mailpoet_newsletter_max":false},"uagb_author_info":{"display_name":"topesqui.es","author_link":"https:\/\/topesqui.es\/?author=1"},"uagb_comment_info":0,"uagb_excerpt":"\u00a1Bienvenidos a TopEsqui, la mejor escuela de Sierra Nevada! Llevamos m\u00e1s de 10 a\u00f1os trabajando en Sierra Nevada, trabajamos para acercar el mundo del esqu\u00ed a todas las personas Monitores titulados y con experiencia Clases de esqu\u00ed, snowboard y much\u00edsimas actividades complementarias Clases privadas o colectivas, adaptadas a todos los niveles","_links":{"self":[{"href":"https:\/\/topesqui.es\/index.php?rest_route=\/wp\/v2\/pages\/318","targetHints":{"allow":["GET"]}}],"collection":[{"href":"https:\/\/topesqui.es\/index.php?rest_route=\/wp\/v2\/pages"}],"about":[{"href":"https:\/\/topesqui.es\/index.php?rest_route=\/wp\/v2\/types\/page"}],"author":[{"embeddable":true,"href":"https:\/\/topesqui.es\/index.php?rest_route=\/wp\/v2\/users\/1"}],"replies":[{"embeddable":true,"href":"https:\/\/topesqui.es\/index.php?rest_route=%2Fwp%2Fv2%2Fcomments&post=318"}],"version-history":[{"count":2,"href":"https:\/\/topesqui.es\/index.php?rest_route=\/wp\/v2\/pages\/318\/revisions"}],"predecessor-version":[{"id":322,"href":"https:\/\/topesqui.es\/index.php?rest_route=\/wp\/v2\/pages\/318\/revisions\/322"}],"wp:attachment":[{"href":"https:\/\/topesqui.es\/index.php?rest_route=%2Fwp%2Fv2%2Fmedia&parent=318"}],"curies":[{"name":"wp","href":"https:\/\/api.w.org\/{rel}","templated":true}]}}